{"id":131,"date":"2012-09-26T00:36:03","date_gmt":"2012-09-25T22:36:03","guid":{"rendered":"http:\/\/www.ratano.de\/soft\/?page_id=131"},"modified":"2024-02-22T07:33:14","modified_gmt":"2024-02-22T06:33:14","slug":"produkte","status":"publish","type":"page","link":"https:\/\/www.ratano.de\/soft\/produkte\/","title":{"rendered":"Produkte"},"content":{"rendered":"<p>[et_pb_section fb_built=&#8220;1&#8243; next_background_color=&#8220;#822e2e&#8220; admin_label=&#8220;Hero&#8220; _builder_version=&#8220;4.16&#8243; use_background_color_gradient=&#8220;on&#8220; background_color_gradient_direction=&#8220;70deg&#8220; background_color_gradient_stops=&#8220;#283d4b 0%|rgba(128,103,79,0.5) 100%&#8220; background_color_gradient_overlays_image=&#8220;on&#8220; background_color_gradient_start=&#8220;#283d4b&#8220; background_color_gradient_end=&#8220;rgba(128,103,79,0.5)&#8220; background_image=&#8220;https:\/\/www.ratano.de\/soft\/wp-content\/uploads\/2019\/03\/6-Vor-Nachkalkulation.png&#8220; custom_margin=&#8220;|||&#8220; custom_padding=&#8220;6vw|||&#8220; bottom_divider_style=&#8220;mountains2&#8243; bottom_divider_height=&#8220;20vw&#8220; bottom_divider_repeat=&#8220;0.5x&#8220; bottom_divider_flip=&#8220;horizontal|vertical&#8220; global_colors_info=&#8220;{}&#8220;][et_pb_row _builder_version=&#8220;4.16&#8243; custom_margin=&#8220;|||&#8220; custom_padding=&#8220;27px|0px|0|0px|false|false&#8220; global_colors_info=&#8220;{}&#8220;][et_pb_column type=&#8220;4_4&#8243; _builder_version=&#8220;4.16&#8243; custom_padding=&#8220;|||&#8220; global_colors_info=&#8220;{}&#8220; custom_padding__hover=&#8220;|||&#8220;][et_pb_text _builder_version=&#8220;4.16&#8243; text_font=&#8220;||||||||&#8220; header_font=&#8220;Josefin Sans|700|||||||&#8220; header_font_size=&#8220;90px&#8220; header_line_height=&#8220;1.4em&#8220; header_2_font=&#8220;Josefin Sans||||||||&#8220; header_2_text_color=&#8220;rgba(255,255,255,0.6)&#8220; header_2_font_size=&#8220;32px&#8220; header_2_line_height=&#8220;1.4em&#8220; background_layout=&#8220;dark&#8220; animation_style=&#8220;slide&#8220; animation_direction=&#8220;right&#8220; animation_intensity_slide=&#8220;4%&#8220; header_font_size_tablet=&#8220;50px&#8220; header_font_size_phone=&#8220;32px&#8220; header_font_size_last_edited=&#8220;on|desktop&#8220; header_2_font_size_tablet=&#8220;&#8220; header_2_font_size_phone=&#8220;24px&#8220; header_2_font_size_last_edited=&#8220;on|phone&#8220; global_colors_info=&#8220;{}&#8220;]<\/p>\n<h1>Die Komplettl\u00f6sung f\u00fcr den Fensterbau<\/h1>\n<h2>Fensterbau Software seit 1987<\/h2>\n<p>&nbsp;<\/p>\n<p><span style=\"font-size: large;\">Es ist mehr als ein einfaches Programm f\u00fcr die Verwaltung der Produktion und dem Verkauf von Fenster -und T\u00fcrelementen. Es ist eine Komplettl\u00f6sung f\u00fcr die Bearbeitung der wirtschaftlichen, technischen und logistischen Bereiche Ihres Unternehmens.\u00a0<\/span><\/p>\n<p><span style=\"font-size: large;\">Sowohl zu sehr g\u00fcnstigen Konditionen f\u00fcr kleine Unternehmen gedacht, als auch f\u00fcr gro\u00dfe Unternehmen die individuell angepasste L\u00f6sungen zu anderen Schnittstellen suchen oder brauchen.<\/span><\/p>\n<p><span style=\"font-size: large;\">Die mehr als 50 Module, aus denen die Software zusammengestellt ist, erm\u00f6glichen es Ihnen, die f\u00fcr Ihr Unternehmen richtigen Eigenschaften auszuw\u00e4hlen.<\/span><\/p>\n<p><span style=\"font-size: large;\">Seit 1986 bewegt die Software von Davide Ratano\u00a0die Welt der Produktion und den Verkauf von Fenster, T\u00fcren, Rolll\u00e4den und Klappladenelementen auf internationaler Basis.<\/span><\/p>\n<p><span style=\"font-size: large;\">Die Software erm\u00f6glicht Ihnen\u00a0das\u00a0<strong>gesamte<\/strong>\u00a0Unternehmen zu managen, vom Angebot, zur Fakturierung, bis hin zur Logistik und der \u00dcberwachung der Fertigungszentren der letzten Generation.<\/span><\/p>\n<p><span style=\"font-size: large;\">Auch mit den im Unternehmen schon bestehenden Systemen wie z.B. Management, Buchf\u00fchrung, Lagerwirtschaft, uvm. ist eine Zusammenarbeit m\u00f6glich. Speziell angepasste L\u00f6sungen erlauben das gemeinsame Verwalten von Daten mit Wiederverk\u00e4ufern, Vertretern und Partnern, selbstverst\u00e4ndlich auch \u00fcber Remotesysteme via Internet.<\/span><\/p>\n<p>[\/et_pb_text][\/et_pb_column][\/et_pb_row][et_pb_row use_custom_gutter=&#8220;on&#8220; gutter_width=&#8220;1&#8243; disabled_on=&#8220;on|off|off&#8220; module_class=&#8220; et_pb_row_fullwidth&#8220; _builder_version=&#8220;4.16&#8243; width=&#8220;100%&#8220; width_tablet=&#8220;100%&#8220; width_phone=&#8220;&#8220; width_last_edited=&#8220;on|desktop&#8220; max_width=&#8220;100%&#8220; max_width_tablet=&#8220;100%&#8220; max_width_phone=&#8220;&#8220; max_width_last_edited=&#8220;on|desktop&#8220; custom_margin=&#8220;-2px|auto||auto||&#8220; make_fullwidth=&#8220;on&#8220; locked=&#8220;off&#8220; global_colors_info=&#8220;{}&#8220;][et_pb_column type=&#8220;4_4&#8243; _builder_version=&#8220;4.16&#8243; custom_padding=&#8220;|||&#8220; global_colors_info=&#8220;{}&#8220; custom_padding__hover=&#8220;|||&#8220;][et_pb_text _builder_version=&#8220;4.16&#8243; text_font=&#8220;Josefin Sans|700||on|||||&#8220; text_text_color=&#8220;rgba(255,255,255,0.2)&#8220; text_font_size=&#8220;15vw&#8220; text_line_height=&#8220;1em&#8220; quote_font=&#8220;||||||||&#8220; header_font=&#8220;||||||||&#8220; custom_margin=&#8220;||-0.4em|&#8220; custom_padding=&#8220;|||&#8220; filter_blur=&#8220;7px&#8220; animation_style=&#8220;slide&#8220; animation_direction=&#8220;right&#8220; animation_duration=&#8220;10000ms&#8220; animation_intensity_slide=&#8220;10%&#8220; animation_starting_opacity=&#8220;40%&#8220; animation_speed_curve=&#8220;linear&#8220; text_font_size_tablet=&#8220;124px&#8220; text_font_size_phone=&#8220;90px&#8220; text_font_size_last_edited=&#8220;off|desktop&#8220; global_colors_info=&#8220;{}&#8220;]<\/p>\n<p>SOFTWARE<\/p>\n<p>[\/et_pb_text][\/et_pb_column][\/et_pb_row][\/et_pb_section][et_pb_section fb_built=&#8220;1&#8243; admin_label=&#8220;section&#8220; _builder_version=&#8220;4.16&#8243; background_color=&#8220;#822e2e&#8220; global_colors_info=&#8220;{}&#8220;][et_pb_row admin_label=&#8220;row&#8220; _builder_version=&#8220;4.16&#8243; background_size=&#8220;initial&#8220; background_position=&#8220;top_left&#8220; background_repeat=&#8220;repeat&#8220; global_colors_info=&#8220;{}&#8220;][et_pb_column type=&#8220;4_4&#8243; _builder_version=&#8220;4.16&#8243; custom_padding=&#8220;|||&#8220; global_colors_info=&#8220;{}&#8220; custom_padding__hover=&#8220;|||&#8220;][et_pb_text admin_label=&#8220;Text&#8220; _builder_version=&#8220;4.16&#8243; background_size=&#8220;initial&#8220; background_position=&#8220;top_left&#8220; background_repeat=&#8220;repeat&#8220; global_colors_info=&#8220;{}&#8220;]<\/p>\n<div style=\"text-align: justify;\">\n<h1 style=\"text-align: left;\"><span style=\"color: #f9f9f9;\">Eine schnelle, unkomplizierte und in Sachen Hardwareanforderung gen\u00fcgsame Anwendung<\/span><\/h1>\n<h2><\/h2>\n<p><span style=\"color: #fcfcfc; font-size: large;\">Die Fensterbausoftware von RatanoEdv ist eine schnelle, unkomplizierte und in Sachen Hardwareanforderung gen\u00fcgsame Anwendung. Trotzdem ist gew\u00e4hrleistet dass die anfallenden t\u00e4glichen Anforderungen schnell und effektiv erledigt werden k\u00f6nnen.<\/span><\/p>\n<\/div>\n<div><span style=\"color: #fcfcfc; font-size: large;\">\u00a0<\/span><\/div>\n<div style=\"text-align: justify;\"><span style=\"color: #fcfcfc; font-size: large;\">Sei es das Erstellen von Angeboten und Auftr\u00e4gen in Tabellen\u2013 oder Echtkalkulation, Lieferscheine oder Abschl\u00e4ge bzw. Rechnungen. F\u00fcr den besseren \u00dcberblick stehen neben der Bonit\u00e4tskontrolle diverse kaufm\u00e4nnische Auswertungen zur Verf\u00fcgung, dadurch ist es zu jeder Zeit m\u00f6glich alle offenen Angebote, Auftr\u00e4ge\u00a0 oder Rechnungen usw. auszuwerten.<\/span><\/div>\n<div style=\"text-align: justify;\"><span style=\"color: #fcfcfc; font-size: large;\">F\u00fcr weitergehende Auswertungen gibt es ein komfortables Statistikmodul mit mannigfaltigen Auswertungsfunktionen sowie grafischer Darstellung. F\u00fcr den reibungslosen Ablauf der Fertigung steht unter anderem eine Kapazit\u00e4tsplanung zur Verf\u00fcgung, s\u00e4mtliche Materialien k\u00f6nnen Anhand der Materialverwaltung schnell und einfach ausgegeben werden. Papierlose Fertigung, Zeiterfassung, voll automatische Lagerverwaltung und Ansteuerung der auf dem Markt befindlichen S\u00e4gen und CNC-Maschinen geh\u00f6ren ebenso dazu.<\/span><\/div>\n<div><span style=\"color: #fcfcfc; font-size: large;\">\u00a0<\/span><\/div>\n<div style=\"text-align: justify;\"><span style=\"color: #fcfcfc; font-size: large;\">Durch den modularen Aufbau k\u00f6nnen individuelle Softwarepakete zusammengestellt werden und ein mitwachsen der RatanoEdv Software mit den Anforderungen am Markt ist zu jeder Zeit einfach und unkompliziert m\u00f6glich. Keine externe Datenbank n\u00f6tig, geringe Hardware Anforderungen.<\/span><\/div>\n<p>[\/et_pb_text][\/et_pb_column][\/et_pb_row][et_pb_row _builder_version=&#8220;4.16&#8243; _module_preset=&#8220;default&#8220; global_colors_info=&#8220;{}&#8220;][et_pb_column type=&#8220;4_4&#8243; _builder_version=&#8220;4.16&#8243; _module_preset=&#8220;default&#8220; global_colors_info=&#8220;{}&#8220;][et_pb_button button_url=&#8220;https:\/\/www.ratano.de\/soft\/produkte\/modulare-fensterbau-software\/&#8220; button_text=&#8220;Alle Programm Module&#8220; button_alignment=&#8220;center&#8220; _builder_version=&#8220;4.16&#8243; _module_preset=&#8220;default&#8220; global_colors_info=&#8220;{}&#8220;][\/et_pb_button][\/et_pb_column][\/et_pb_row][\/et_pb_section]<\/p>\n","protected":false},"excerpt":{"rendered":"<p>Die Komplettl\u00f6sung f\u00fcr den Fensterbau Fensterbau Software seit 1987 &nbsp; Es ist mehr als ein einfaches Programm f\u00fcr die Verwaltung der Produktion und dem Verkauf von Fenster -und T\u00fcrelementen. Es ist eine Komplettl\u00f6sung f\u00fcr die Bearbeitung der wirtschaftlichen, technischen und logistischen Bereiche Ihres Unternehmens.\u00a0 Sowohl zu sehr g\u00fcnstigen Konditionen f\u00fcr kleine Unternehmen gedacht, als auch [&hellip;]<\/p>\n","protected":false},"author":1,"featured_media":0,"parent":0,"menu_order":3,"comment_status":"closed","ping_status":"closed","template":"","meta":{"_et_pb_use_builder":"on","_et_pb_old_content":"<div style=\"text-align: justify;\">\r\n<h1>Die Komplettl\u00f6sung f\u00fcr den Fensterbau und Handel<\/h1>\r\n<h2>\u00a0<\/h2>\r\nEs ist mehr als ein einfaches Programm f\u00fcr die Verwaltung der Produktion und dem Verkauf von Fenster -und T\u00fcrelementen.\r\nEs ist eine Komplettl\u00f6sung f\u00fcr die Bearbeitung der wirtschaftlichen, technischen und logistischen Bereiche Ihres Unternehmens.\r\n\r\nSowohl zu sehr g\u00fcnstigen Konditionen f\u00fcr kleine Unternehmen gedacht, als auch f\u00fcr gro\u00dfe Unternehmen die individuell angepasste L\u00f6sungen zu anderen Schnittstellen suchen oder brauchen.\r\n\r\nDie mehr als 50 Module, aus denen die Software zusammengestellt ist, erm\u00f6glichen es Ihnen, die f\u00fcr Ihr Unternehmen richtigen Eigenschaften auszuw\u00e4hlen.\r\n\r\nSeit 1986 bewegt die Software von Davide Ratano\u00a0die Welt der Produktion und den Verkauf von Fenster, T\u00fcren, Rolll\u00e4den und Klappladenelementen auf internationaler Basis.\r\n\r\nDie Software erm\u00f6glicht Ihnen\u00a0das <strong>gesamte<\/strong> Unternehmen zu managen, vom Angebot, zur Fakturierung, bis hin zur Logistik und der \u00dcberwachung der Fertigungszentren der letzten Generation.\r\n\r\nAuch mit den im Unternehmen schon bestehenden Systemen wie z.B. Management, Buchf\u00fchrung, Lagerwirtschaft, uvm. ist eine Zusammenarbeit m\u00f6glich. Speziell angepasste L\u00f6sungen erlauben das gemeinsame Verwalten von Daten mit Wiederverk\u00e4ufern, Vertretern und Partnern, selbstverst\u00e4ndlich auch \u00fcber Remotesysteme via Internet.\r\n\r\n\u00a0\r\n<h2>\u00a0<\/h2>\r\n<h2 style=\"text-align: left;\">Eine schnelle, unkomplizierte und in Sachen Hardwareanforderung gen\u00fcgsame Anwendung<\/h2>\r\n<h2><strong> <img class=\"alignright\" style=\"border: 0px none;\" src=\"https:\/\/www.ratano.de\/images\/stories\/pic10.jpg\" alt=\"Softwarefensterbau\" width=\"80\" height=\"80\" border=\"0\"><\/strong><\/h2>\r\nDie Fensterbausoftware von RatanoEdv ist eine schnelle, unkomplizierte und in Sachen Hardwareanforderung gen\u00fcgsame Anwendung. Trotzdem ist gew\u00e4hrleistet dass die anfallenden t\u00e4glichen Anforderungen schnell und effektiv erledigt werden k\u00f6nnen. Sei es das Erstellen von Angeboten und Auftr\u00e4gen in Tabellen\u2013 oder Echtkalkulation, Lieferscheine oder Abschl\u00e4ge bzw. Rechnungen. F\u00fcr den besseren \u00dcberblick stehen neben der Bonit\u00e4tskontrolle diverse kaufm\u00e4nnische Auswertungen zur Verf\u00fcgung, dadurch ist es zu jeder Zeit m\u00f6glich alle offenen Angebote, Auftr\u00e4ge\u00a0 oder Rechnungen usw. auszuwerten. F\u00fcr weitergehende Auswertungen gibt es ein komfortables Statistikmodul mit mannigfaltigen Auswertungsfunktionen sowie grafischer Darstellung. F\u00fcr den reibungslosen Ablauf der Fertigung steht unter anderem eine Kapazit\u00e4tsplanung zur Verf\u00fcgung, s\u00e4mtliche Materialien k\u00f6nnen Anhand der Materialverwaltung schnell und einfach ausgegeben werden. Papierlose Fertigung, Zeiterfassung, voll automatische Lagerverwaltung und Ansteuerung der auf dem Markt befindlichen S\u00e4gen und CNC-Maschinen geh\u00f6ren ebenso dazu. Durch den modularen Aufbau k\u00f6nnen individuelle Softwarepakete zusammengestellt werden und ein mitwachsen der RatanoEdv Software mit den Anforderungen am Markt ist zu\u00a0 jeder Zeit einfach und unkompliziert m\u00f6glich. Keine externe Datenbank n\u00f6tig, geringe Hardware Anforderungen.\r\n\r\n<\/div>","_et_gb_content_width":"","footnotes":""},"class_list":["post-131","page","type-page","status-publish","hentry"],"yoast_head":"<!-- This site is optimized with the Yoast SEO plugin v27.4 - https:\/\/yoast.com\/product\/yoast-seo-wordpress\/ -->\n<title>Produkte - Ratano EDV<\/title>\n<meta name=\"robots\" content=\"index, follow, max-snippet:-1, max-image-preview:large, max-video-preview:-1\" \/>\n<link rel=\"canonical\" href=\"https:\/\/www.ratano.de\/soft\/produkte\/\" \/>\n<meta property=\"og:locale\" content=\"de_DE\" \/>\n<meta property=\"og:type\" content=\"article\" \/>\n<meta property=\"og:title\" content=\"Produkte - Ratano EDV\" \/>\n<meta property=\"og:description\" content=\"Die Komplettl\u00f6sung f\u00fcr den Fensterbau Fensterbau Software seit 1987 &nbsp; Es ist mehr als ein einfaches Programm f\u00fcr die Verwaltung der Produktion und dem Verkauf von Fenster -und T\u00fcrelementen. Es ist eine Komplettl\u00f6sung f\u00fcr die Bearbeitung der wirtschaftlichen, technischen und logistischen Bereiche Ihres Unternehmens.\u00a0 Sowohl zu sehr g\u00fcnstigen Konditionen f\u00fcr kleine Unternehmen gedacht, als auch [&hellip;]\" \/>\n<meta property=\"og:url\" content=\"https:\/\/www.ratano.de\/soft\/produkte\/\" \/>\n<meta property=\"og:site_name\" content=\"Ratano EDV\" \/>\n<meta property=\"article:modified_time\" content=\"2024-02-22T06:33:14+00:00\" \/>\n<meta name=\"twitter:label1\" content=\"Gesch\u00e4tzte Lesezeit\" \/>\n\t<meta name=\"twitter:data1\" content=\"5\u00a0Minuten\" \/>\n<script type=\"application\/ld+json\" class=\"yoast-schema-graph\">{\"@context\":\"https:\\\/\\\/schema.org\",\"@graph\":[{\"@type\":\"WebPage\",\"@id\":\"https:\\\/\\\/www.ratano.de\\\/soft\\\/produkte\\\/\",\"url\":\"https:\\\/\\\/www.ratano.de\\\/soft\\\/produkte\\\/\",\"name\":\"Produkte - Ratano EDV\",\"isPartOf\":{\"@id\":\"https:\\\/\\\/www.ratano.de\\\/soft\\\/#website\"},\"datePublished\":\"2012-09-25T22:36:03+00:00\",\"dateModified\":\"2024-02-22T06:33:14+00:00\",\"breadcrumb\":{\"@id\":\"https:\\\/\\\/www.ratano.de\\\/soft\\\/produkte\\\/#breadcrumb\"},\"inLanguage\":\"de\",\"potentialAction\":[{\"@type\":\"ReadAction\",\"target\":[\"https:\\\/\\\/www.ratano.de\\\/soft\\\/produkte\\\/\"]}]},{\"@type\":\"BreadcrumbList\",\"@id\":\"https:\\\/\\\/www.ratano.de\\\/soft\\\/produkte\\\/#breadcrumb\",\"itemListElement\":[{\"@type\":\"ListItem\",\"position\":1,\"name\":\"Start\",\"item\":\"https:\\\/\\\/www.ratano.de\\\/soft\\\/\"},{\"@type\":\"ListItem\",\"position\":2,\"name\":\"Produkte\"}]},{\"@type\":\"WebSite\",\"@id\":\"https:\\\/\\\/www.ratano.de\\\/soft\\\/#website\",\"url\":\"https:\\\/\\\/www.ratano.de\\\/soft\\\/\",\"name\":\"Ratano EDV\",\"description\":\"Software f\u00fcr Fensterbau und Fensterhandel\",\"potentialAction\":[{\"@type\":\"SearchAction\",\"target\":{\"@type\":\"EntryPoint\",\"urlTemplate\":\"https:\\\/\\\/www.ratano.de\\\/soft\\\/?s={search_term_string}\"},\"query-input\":{\"@type\":\"PropertyValueSpecification\",\"valueRequired\":true,\"valueName\":\"search_term_string\"}}],\"inLanguage\":\"de\"}]}<\/script>\n<!-- \/ Yoast SEO plugin. -->","yoast_head_json":{"title":"Produkte - Ratano EDV","robots":{"index":"index","follow":"follow","max-snippet":"max-snippet:-1","max-image-preview":"max-image-preview:large","max-video-preview":"max-video-preview:-1"},"canonical":"https:\/\/www.ratano.de\/soft\/produkte\/","og_locale":"de_DE","og_type":"article","og_title":"Produkte - Ratano EDV","og_description":"Die Komplettl\u00f6sung f\u00fcr den Fensterbau Fensterbau Software seit 1987 &nbsp; Es ist mehr als ein einfaches Programm f\u00fcr die Verwaltung der Produktion und dem Verkauf von Fenster -und T\u00fcrelementen. Es ist eine Komplettl\u00f6sung f\u00fcr die Bearbeitung der wirtschaftlichen, technischen und logistischen Bereiche Ihres Unternehmens.\u00a0 Sowohl zu sehr g\u00fcnstigen Konditionen f\u00fcr kleine Unternehmen gedacht, als auch [&hellip;]","og_url":"https:\/\/www.ratano.de\/soft\/produkte\/","og_site_name":"Ratano EDV","article_modified_time":"2024-02-22T06:33:14+00:00","twitter_misc":{"Gesch\u00e4tzte Lesezeit":"5\u00a0Minuten"},"schema":{"@context":"https:\/\/schema.org","@graph":[{"@type":"WebPage","@id":"https:\/\/www.ratano.de\/soft\/produkte\/","url":"https:\/\/www.ratano.de\/soft\/produkte\/","name":"Produkte - Ratano EDV","isPartOf":{"@id":"https:\/\/www.ratano.de\/soft\/#website"},"datePublished":"2012-09-25T22:36:03+00:00","dateModified":"2024-02-22T06:33:14+00:00","breadcrumb":{"@id":"https:\/\/www.ratano.de\/soft\/produkte\/#breadcrumb"},"inLanguage":"de","potentialAction":[{"@type":"ReadAction","target":["https:\/\/www.ratano.de\/soft\/produkte\/"]}]},{"@type":"BreadcrumbList","@id":"https:\/\/www.ratano.de\/soft\/produkte\/#breadcrumb","itemListElement":[{"@type":"ListItem","position":1,"name":"Start","item":"https:\/\/www.ratano.de\/soft\/"},{"@type":"ListItem","position":2,"name":"Produkte"}]},{"@type":"WebSite","@id":"https:\/\/www.ratano.de\/soft\/#website","url":"https:\/\/www.ratano.de\/soft\/","name":"Ratano EDV","description":"Software f\u00fcr Fensterbau und Fensterhandel","potentialAction":[{"@type":"SearchAction","target":{"@type":"EntryPoint","urlTemplate":"https:\/\/www.ratano.de\/soft\/?s={search_term_string}"},"query-input":{"@type":"PropertyValueSpecification","valueRequired":true,"valueName":"search_term_string"}}],"inLanguage":"de"}]}},"_links":{"self":[{"href":"https:\/\/www.ratano.de\/soft\/wp-json\/wp\/v2\/pages\/131","targetHints":{"allow":["GET"]}}],"collection":[{"href":"https:\/\/www.ratano.de\/soft\/wp-json\/wp\/v2\/pages"}],"about":[{"href":"https:\/\/www.ratano.de\/soft\/wp-json\/wp\/v2\/types\/page"}],"author":[{"embeddable":true,"href":"https:\/\/www.ratano.de\/soft\/wp-json\/wp\/v2\/users\/1"}],"replies":[{"embeddable":true,"href":"https:\/\/www.ratano.de\/soft\/wp-json\/wp\/v2\/comments?post=131"}],"version-history":[{"count":40,"href":"https:\/\/www.ratano.de\/soft\/wp-json\/wp\/v2\/pages\/131\/revisions"}],"predecessor-version":[{"id":7243,"href":"https:\/\/www.ratano.de\/soft\/wp-json\/wp\/v2\/pages\/131\/revisions\/7243"}],"wp:attachment":[{"href":"https:\/\/www.ratano.de\/soft\/wp-json\/wp\/v2\/media?parent=131"}],"curies":[{"name":"wp","href":"https:\/\/api.w.org\/{rel}","templated":true}]}}