{"id":142,"date":"2012-09-26T00:44:35","date_gmt":"2012-09-25T23:44:35","guid":{"rendered":"http:\/\/www.ratano.de\/soft\/?page_id=142"},"modified":"2024-03-07T15:29:25","modified_gmt":"2024-03-07T14:29:25","slug":"einsatzbereiche","status":"publish","type":"page","link":"https:\/\/www.ratano.de\/soft\/einsatzbereiche\/","title":{"rendered":"Einsatzbereiche"},"content":{"rendered":"<p>[et_pb_section fb_built=&#8220;1&#8243; next_background_color=&#8220;#ffffff&#8220; admin_label=&#8220;Hero&#8220; _builder_version=&#8220;4.16&#8243; use_background_color_gradient=&#8220;on&#8220; background_color_gradient_direction=&#8220;70deg&#8220; background_color_gradient_stops=&#8220;#283d4b 0%|rgba(128,103,79,0.5) 100%&#8220; background_color_gradient_overlays_image=&#8220;on&#8220; background_color_gradient_start=&#8220;#283d4b&#8220; background_color_gradient_end=&#8220;rgba(128,103,79,0.5)&#8220; background_image=&#8220;https:\/\/www.ratano.de\/soft\/wp-content\/uploads\/2019\/03\/6-Vor-Nachkalkulation.png&#8220; custom_margin=&#8220;|||&#8220; custom_padding=&#8220;6vw|||&#8220; bottom_divider_style=&#8220;mountains2&#8243; bottom_divider_height=&#8220;20vw&#8220; bottom_divider_repeat=&#8220;0.5x&#8220; bottom_divider_flip=&#8220;horizontal|vertical&#8220; global_colors_info=&#8220;{}&#8220;][et_pb_row _builder_version=&#8220;4.23.1&#8243; custom_margin=&#8220;|||&#8220; custom_padding=&#8220;27px|0px|0|0px|false|false&#8220; global_colors_info=&#8220;{}&#8220;][et_pb_column type=&#8220;4_4&#8243; _builder_version=&#8220;4.23.1&#8243; custom_padding=&#8220;|||&#8220; global_colors_info=&#8220;{}&#8220; custom_padding__hover=&#8220;|||&#8220;][et_pb_text _builder_version=&#8220;4.23.1&#8243; text_font=&#8220;Trebuchet||||||||&#8220; header_font=&#8220;Josefin Sans|700|||||||&#8220; header_font_size=&#8220;90px&#8220; header_line_height=&#8220;1.4em&#8220; header_2_font=&#8220;Josefin Sans||||||||&#8220; header_2_text_color=&#8220;rgba(255,255,255,0.6)&#8220; header_2_font_size=&#8220;32px&#8220; header_2_line_height=&#8220;1.4em&#8220; background_layout=&#8220;dark&#8220; animation_style=&#8220;slide&#8220; animation_direction=&#8220;right&#8220; animation_intensity_slide=&#8220;4%&#8220; header_font_size_tablet=&#8220;50px&#8220; header_font_size_phone=&#8220;32px&#8220; header_font_size_last_edited=&#8220;on|desktop&#8220; header_2_font_size_tablet=&#8220;&#8220; header_2_font_size_phone=&#8220;24px&#8220; header_2_font_size_last_edited=&#8220;on|phone&#8220; global_colors_info=&#8220;{}&#8220;]<\/p>\n<h1>SOFTWARE PRODUKTE<\/h1>\n<p>[\/et_pb_text][\/et_pb_column][\/et_pb_row][et_pb_row _builder_version=&#8220;4.23.1&#8243; _module_preset=&#8220;default&#8220; global_colors_info=&#8220;{}&#8220;][et_pb_column type=&#8220;4_4&#8243; _builder_version=&#8220;4.23.1&#8243; _module_preset=&#8220;default&#8220; global_colors_info=&#8220;{}&#8220;][\/et_pb_column][\/et_pb_row][\/et_pb_section][et_pb_section fb_built=&#8220;1&#8243; _builder_version=&#8220;4.23.1&#8243; _module_preset=&#8220;default&#8220; global_colors_info=&#8220;{}&#8220;][et_pb_row _builder_version=&#8220;4.23.1&#8243; _module_preset=&#8220;default&#8220; global_colors_info=&#8220;{}&#8220;][et_pb_column type=&#8220;4_4&#8243; _builder_version=&#8220;4.23.1&#8243; _module_preset=&#8220;default&#8220; global_colors_info=&#8220;{}&#8220;][et_pb_text _builder_version=&#8220;4.23.1&#8243; _module_preset=&#8220;default&#8220; global_colors_info=&#8220;{}&#8220;]<\/p>\n<h2 style=\"text-align: center;\"><span style=\"color: #000000;\">Die Softwarel\u00f6sung mit allen Besonderheiten f\u00fcr den Fenster, T\u00fcren Rollladen und Klappladenbau<\/span><\/h2>\n<p>[\/et_pb_text][\/et_pb_column][\/et_pb_row][\/et_pb_section][et_pb_section fb_built=&#8220;1&#8243; admin_label=&#8220;section&#8220; _builder_version=&#8220;4.16&#8243; custom_margin=&#8220;0px|0px|0px|0px&#8220; custom_padding=&#8220;0px|0px|0px|0px&#8220; transparent_background=&#8220;off&#8220; collapsed=&#8220;off&#8220; global_colors_info=&#8220;{}&#8220;][et_pb_row column_structure=&#8220;1_3,1_3,1_3&#8243; _builder_version=&#8220;4.16&#8243; background_size=&#8220;initial&#8220; background_position=&#8220;top_left&#8220; background_repeat=&#8220;repeat&#8220; global_colors_info=&#8220;{}&#8220;][et_pb_column type=&#8220;1_3&#8243; _builder_version=&#8220;4.16&#8243; custom_padding=&#8220;|||&#8220; global_colors_info=&#8220;{}&#8220; custom_padding__hover=&#8220;|||&#8220;][et_pb_image src=&#8220;https:\/\/www.ratano.de\/soft\/wp-content\/uploads\/2012\/09\/Fin3000-Produktion-ALU-PVC.png&#8220; align_tablet=&#8220;center&#8220; align_phone=&#8220;&#8220; align_last_edited=&#8220;on|desktop&#8220; admin_label=&#8220;Produktion Fenster &#038; T\u00fcren&#8220; _builder_version=&#8220;4.16&#8243; global_colors_info=&#8220;{}&#8220;][\/et_pb_image][et_pb_blurb title=&#8220;Fin3000&#8243; _builder_version=&#8220;4.16&#8243; text_orientation=&#8220;center&#8220; text_shadow_style=&#8220;preset1&#8243; global_colors_info=&#8220;{}&#8220;]<\/p>\n<p style=\"text-align: center;\">Die Software f\u00fcr den Fenster- und Elementbau in PVC \/ Aluminium<\/p>\n<p>[\/et_pb_blurb][\/et_pb_column][et_pb_column type=&#8220;1_3&#8243; _builder_version=&#8220;4.16&#8243; custom_padding=&#8220;|||&#8220; global_colors_info=&#8220;{}&#8220; custom_padding__hover=&#8220;|||&#8220;][et_pb_image src=&#8220;https:\/\/www.ratano.de\/soft\/wp-content\/uploads\/2012\/09\/Fin3000-Produktion-HOLZ.png&#8220; align_tablet=&#8220;center&#8220; align_phone=&#8220;&#8220; align_last_edited=&#8220;on|desktop&#8220; admin_label=&#8220;Bild Holz Produktion&#8220; _builder_version=&#8220;4.16&#8243; global_colors_info=&#8220;{}&#8220;][\/et_pb_image][et_pb_blurb title=&#8220;Holz3000&#8243; _builder_version=&#8220;4.16&#8243; text_orientation=&#8220;center&#8220; text_shadow_style=&#8220;preset1&#8243; global_colors_info=&#8220;{}&#8220;]<\/p>\n<p style=\"text-align: center;\">Die Software f\u00fcr den Fenster- und Elementbau in HOLZ<\/p>\n<p>[\/et_pb_blurb][\/et_pb_column][et_pb_column type=&#8220;1_3&#8243; _builder_version=&#8220;4.16&#8243; custom_padding=&#8220;|||&#8220; global_colors_info=&#8220;{}&#8220; custom_padding__hover=&#8220;|||&#8220;][et_pb_image src=&#8220;https:\/\/www.ratano.de\/soft\/wp-content\/uploads\/2012\/09\/Fin3000-Produktion-HOLZ.png&#8220; align_tablet=&#8220;center&#8220; align_phone=&#8220;&#8220; align_last_edited=&#8220;on|desktop&#8220; admin_label=&#8220;Bild Holz Produktion&#8220; _builder_version=&#8220;4.16&#8243; global_colors_info=&#8220;{}&#8220;][\/et_pb_image][et_pb_blurb title=&#8220;Fin3000 COMM&#8220; _builder_version=&#8220;4.16&#8243; text_orientation=&#8220;center&#8220; text_shadow_style=&#8220;preset1&#8243; global_colors_info=&#8220;{}&#8220;]<\/p>\n<p style=\"text-align: center;\">Die Software f\u00fcr den Handel von Fenster-, T\u00fcren, Klappl\u00e4den, Rolll\u00e4den und vieles mehr<\/p>\n<p>[\/et_pb_blurb][\/et_pb_column][\/et_pb_row][et_pb_row column_structure=&#8220;1_3,1_3,1_3&#8243; _builder_version=&#8220;4.16&#8243; background_size=&#8220;initial&#8220; background_position=&#8220;top_left&#8220; background_repeat=&#8220;repeat&#8220; global_colors_info=&#8220;{}&#8220;][et_pb_column type=&#8220;1_3&#8243; _builder_version=&#8220;4.16&#8243; custom_padding=&#8220;|||&#8220; global_colors_info=&#8220;{}&#8220; custom_padding__hover=&#8220;|||&#8220;][et_pb_image src=&#8220;https:\/\/www.ratano.de\/soft\/wp-content\/uploads\/2012\/09\/Fin3000-Handelsversion.png&#8220; align_tablet=&#8220;center&#8220; align_phone=&#8220;&#8220; align_last_edited=&#8220;on|desktop&#8220; _builder_version=&#8220;4.16&#8243; global_colors_info=&#8220;{}&#8220;][\/et_pb_image][et_pb_blurb title=&#8220;Fin3000 KL&#8220; _builder_version=&#8220;4.16&#8243; text_orientation=&#8220;center&#8220; text_shadow_style=&#8220;preset1&#8243; global_colors_info=&#8220;{}&#8220;]<\/p>\n<p style=\"text-align: center;\">Die Software f\u00fcr die Produktion und Vertrieb von Klappl\u00e4den<\/p>\n<p>Der Klappladenbau \u00e4hnelt nur auf dem ersten Blick dem Fensterbau. In Wirklichkeit erfordert der Klappladenbau ganz andere L\u00f6sungen. Die Zusammenarbeit mit vielen Klappladenherstellern aus dem Mittelmeerraum, wo zu jedem Fenster ein Klappladen geh\u00f6rt, best\u00e4tigt das.<\/p>\n<p>[\/et_pb_blurb][\/et_pb_column][et_pb_column type=&#8220;1_3&#8243; _builder_version=&#8220;4.16&#8243; custom_padding=&#8220;|||&#8220; global_colors_info=&#8220;{}&#8220; custom_padding__hover=&#8220;|||&#8220;][et_pb_image src=&#8220;https:\/\/www.ratano.de\/soft\/wp-content\/uploads\/2012\/09\/Fin3000-Handelsversion.png&#8220; align_tablet=&#8220;center&#8220; align_phone=&#8220;&#8220; align_last_edited=&#8220;on|desktop&#8220; _builder_version=&#8220;4.16&#8243; global_colors_info=&#8220;{}&#8220;][\/et_pb_image][et_pb_blurb title=&#8220;Fin3000 RL&#8220; _builder_version=&#8220;4.16&#8243; text_orientation=&#8220;center&#8220; text_shadow_style=&#8220;preset1&#8243; global_colors_info=&#8220;{}&#8220;]<\/p>\n<p style=\"text-align: center;\">Die Software f\u00fcr die Produktion&nbsp;und Vertrieb von Rolll\u00e4den<\/p>\n<p>Rolll\u00e4denk\u00e4sten, Vorbau Rolll\u00e4den, Aufbaurolll\u00e4den und Insektenschutz, alles wird sowohl kaufm\u00e4nnisch wie auch technisch verwaltet.&nbsp;<\/p>\n<p>[\/et_pb_blurb][\/et_pb_column][et_pb_column type=&#8220;1_3&#8243; _builder_version=&#8220;4.16&#8243; custom_padding=&#8220;|||&#8220; global_colors_info=&#8220;{}&#8220; custom_padding__hover=&#8220;|||&#8220;][et_pb_image src=&#8220;https:\/\/www.ratano.de\/soft\/wp-content\/uploads\/2012\/09\/Fin3000-Handelsversion.png&#8220; align_tablet=&#8220;center&#8220; align_phone=&#8220;&#8220; align_last_edited=&#8220;on|desktop&#8220; _builder_version=&#8220;4.16&#8243; global_colors_info=&#8220;{}&#8220;][\/et_pb_image][et_pb_blurb title=&#8220;Fin3000 VRT&#8220; _builder_version=&#8220;4.16&#8243; text_orientation=&#8220;center&#8220; text_shadow_style=&#8220;preset1&#8243; global_colors_info=&#8220;{}&#8220;]<\/p>\n<p style=\"text-align: center;\">Die Software f\u00fcr Wiederverk\u00e4ufer &amp; Vertreter<\/p>\n<p>F\u00fcr eine schnelle und einfache Angebotserfassung bis zum Rechnungsausdruck, hat Ratano eine kleine und einfache Handelsl\u00f6sung sowohl f\u00fcr selbst\u00e4ndige H\u00e4ndler wie auch f\u00fcr Vertretern erstellt.<\/p>\n<p>[\/et_pb_blurb][\/et_pb_column][\/et_pb_row][\/et_pb_section][et_pb_section fb_built=&#8220;1&#8243; next_background_color=&#8220;rgba(130,46,46,0.45)&#8220; admin_label=&#8220;Hero&#8220; _builder_version=&#8220;4.23.1&#8243; background_enable_image=&#8220;off&#8220; custom_margin=&#8220;|||&#8220; custom_padding=&#8220;0vw||0px|||&#8220; bottom_divider_style=&#8220;mountains2&#8243; bottom_divider_height=&#8220;20vw&#8220; bottom_divider_repeat=&#8220;0.5x&#8220; bottom_divider_flip=&#8220;horizontal|vertical&#8220; global_colors_info=&#8220;{}&#8220;][et_pb_row _builder_version=&#8220;4.16&#8243; custom_margin=&#8220;|||&#8220; custom_padding=&#8220;27px|0px|0|0px|false|false&#8220; global_colors_info=&#8220;{}&#8220;][et_pb_column type=&#8220;4_4&#8243; _builder_version=&#8220;4.16&#8243; custom_padding=&#8220;|||&#8220; global_colors_info=&#8220;{}&#8220; custom_padding__hover=&#8220;|||&#8220;][et_pb_text _builder_version=&#8220;4.23.1&#8243; text_font=&#8220;||||||||&#8220; header_font=&#8220;Josefin Sans|700|||||||&#8220; header_font_size=&#8220;90px&#8220; header_line_height=&#8220;1.4em&#8220; header_2_font=&#8220;Josefin Sans||||||||&#8220; header_2_text_color=&#8220;rgba(255,255,255,0.6)&#8220; header_2_font_size=&#8220;32px&#8220; header_2_line_height=&#8220;1.4em&#8220; background_layout=&#8220;dark&#8220; animation_style=&#8220;slide&#8220; animation_direction=&#8220;right&#8220; animation_intensity_slide=&#8220;4%&#8220; hover_enabled=&#8220;0&#8243; header_font_size_tablet=&#8220;50px&#8220; header_font_size_phone=&#8220;32px&#8220; header_font_size_last_edited=&#8220;on|desktop&#8220; header_2_font_size_tablet=&#8220;&#8220; header_2_font_size_phone=&#8220;24px&#8220; header_2_font_size_last_edited=&#8220;on|phone&#8220; global_colors_info=&#8220;{}&#8220; sticky_enabled=&#8220;0&#8243; background_color=&#8220;RGBA(255,255,255,0)&#8220;]<\/p>\n<blockquote>\n<h2 style=\"text-align: left;\"><span style=\"color: #000000;\">Software f\u00fcr den Fensterbau seit 1987<\/span><\/h2>\n<\/blockquote>\n<p>[\/et_pb_text][\/et_pb_column][\/et_pb_row][et_pb_row column_structure=&#8220;1_3,1_3,1_3&#8243; _builder_version=&#8220;4.23.1&#8243; custom_margin=&#8220;|||&#8220; custom_padding=&#8220;27px|0px|0|0px|false|false&#8220; global_colors_info=&#8220;{}&#8220;][et_pb_column type=&#8220;1_3&#8243; _builder_version=&#8220;4.16&#8243; custom_padding=&#8220;|||&#8220; global_colors_info=&#8220;{}&#8220; custom_padding__hover=&#8220;|||&#8220;][et_pb_image src=&#8220;https:\/\/www.ratano.de\/soft\/wp-content\/uploads\/2019\/03\/6-Vor-Nachkalkulation.png&#8220; title_text=&#8220;6-Vor-Nachkalkulation&#8220; _builder_version=&#8220;4.23.1&#8243; _module_preset=&#8220;default&#8220; global_colors_info=&#8220;{}&#8220;][\/et_pb_image][\/et_pb_column][et_pb_column type=&#8220;1_3&#8243; _builder_version=&#8220;4.16&#8243; custom_padding=&#8220;|||&#8220; global_colors_info=&#8220;{}&#8220; custom_padding__hover=&#8220;|||&#8220;][et_pb_image src=&#8220;https:\/\/www.ratano.de\/soft\/wp-content\/uploads\/2019\/03\/7-ZuschnittOptimierung.png&#8220; title_text=&#8220;7-ZuschnittOptimierung&#8220; _builder_version=&#8220;4.23.1&#8243; _module_preset=&#8220;default&#8220; global_colors_info=&#8220;{}&#8220;][\/et_pb_image][\/et_pb_column][et_pb_column type=&#8220;1_3&#8243; _builder_version=&#8220;4.16&#8243; custom_padding=&#8220;|||&#8220; global_colors_info=&#8220;{}&#8220; custom_padding__hover=&#8220;|||&#8220;][et_pb_image src=&#8220;https:\/\/www.ratano.de\/soft\/wp-content\/uploads\/2019\/03\/3-Angebote.png&#8220; title_text=&#8220;3-Angebote&#8220; _builder_version=&#8220;4.23.1&#8243; _module_preset=&#8220;default&#8220; global_colors_info=&#8220;{}&#8220;][\/et_pb_image][\/et_pb_column][\/et_pb_row][et_pb_row _builder_version=&#8220;4.16&#8243; custom_margin=&#8220;|||&#8220; custom_padding=&#8220;27px|0px|0|0px|false|false&#8220; global_colors_info=&#8220;{}&#8220;][et_pb_column type=&#8220;4_4&#8243; _builder_version=&#8220;4.16&#8243; custom_padding=&#8220;|||&#8220; global_colors_info=&#8220;{}&#8220; custom_padding__hover=&#8220;|||&#8220;][et_pb_text _builder_version=&#8220;4.23.1&#8243; _module_preset=&#8220;default&#8220; hover_enabled=&#8220;0&#8243; sticky_enabled=&#8220;0&#8243;]<\/p>\n<p><span>Wir unterst\u00fctzen Sie bei allen Abl\u00e4ufen im Vertrieb sowie in der Produktion von Elementen. Von der Angebotserfassung \u00fcber den Auftrag bis hin zur Rechnung &#8211; alles kann sowohl in Papierform als auch digital und papierlos verwaltet werden. Dazu geh\u00f6ren Statistikauswertungen, CE-Konformit\u00e4tserkl\u00e4rungen, Lagerverwaltung, komplexe Maschinensteuerungen sowie papierlose Produktion oder vollautomatisierte Produktionslinien und vieles mehr. All dies tun wir, damit Sie sich auf das Wesentliche konzentrieren k\u00f6nnen. Unsere Software ist modular aufgebaut, was es Ihnen erm\u00f6glicht, das Softwarepaket vollst\u00e4ndig an Ihre Bed\u00fcrfnisse anzupassen. Hier ist eine Liste der verf\u00fcgbaren Module. Alle L\u00f6sungen sind auch als Web-\/Cloudl\u00f6sungen verf\u00fcgbar.<\/span><\/p>\n<p>[\/et_pb_text][\/et_pb_column][\/et_pb_row][et_pb_row _builder_version=&#8220;4.16&#8243; custom_margin=&#8220;|||&#8220; custom_padding=&#8220;27px|0px|0|0px|false|false&#8220; global_colors_info=&#8220;{}&#8220;][et_pb_column type=&#8220;4_4&#8243; _builder_version=&#8220;4.16&#8243; custom_padding=&#8220;|||&#8220; global_colors_info=&#8220;{}&#8220; custom_padding__hover=&#8220;|||&#8220;][et_pb_text _builder_version=&#8220;4.23.1&#8243; text_font=&#8220;||||||||&#8220; header_font=&#8220;Josefin Sans|700|||||||&#8220; header_font_size=&#8220;90px&#8220; header_line_height=&#8220;1.4em&#8220; header_2_font=&#8220;Josefin Sans||||||||&#8220; header_2_text_color=&#8220;rgba(255,255,255,0.6)&#8220; header_2_font_size=&#8220;32px&#8220; header_2_line_height=&#8220;1.4em&#8220; background_layout=&#8220;dark&#8220; animation_style=&#8220;slide&#8220; animation_direction=&#8220;right&#8220; animation_intensity_slide=&#8220;4%&#8220; hover_enabled=&#8220;0&#8243; header_font_size_tablet=&#8220;50px&#8220; header_font_size_phone=&#8220;32px&#8220; header_font_size_last_edited=&#8220;on|desktop&#8220; header_2_font_size_tablet=&#8220;&#8220; header_2_font_size_phone=&#8220;24px&#8220; header_2_font_size_last_edited=&#8220;on|phone&#8220; global_colors_info=&#8220;{}&#8220; sticky_enabled=&#8220;0&#8243;]<\/p>\n<p><strong><span style=\"color: #000000;\">Hardware &amp; Software Anforderungen<\/span><\/strong><br \/><span style=\"color: rgba(252, 252, 252, 0.6);\"><\/span><\/p>\n<p><span style=\"color: #000000;\">Windows 7, 8, 10, 11 \/ Windows Server 2012, 2016, 2019, 2022<\/span><\/p>\n<ul>\n<li>\n<p><span style=\"color: #000000;\">min. 4GB Ram<\/span><\/p>\n<\/li>\n<li>\n<p><span style=\"color: #000000;\">1GB HDD freier Speicherplatz\u00a0<\/span><\/p>\n<\/li>\n<li>\n<p><span style=\"color: #000000;\">Grafikkarte 1280&#215;1024<\/span><span style=\"color: #000000;\"><\/span><\/p>\n<p><span style=\"color: #000000;\"><\/span><span style=\"color: #000000;\">Sie verwenden <span style=\"font-size: xx-large;\"><img loading=\"lazy\" decoding=\"async\" class=\"\" src=\"https:\/\/upload.wikimedia.org\/wikipedia\/commons\/f\/fa\/Apple_logo_black.svg\" alt=\"Apple \u2013 Wikipedia\" width=\"11\" height=\"13\" \/><\/span> iMac, auch hierf\u00fcr haben wir eine L\u00f6sung.<\/span><\/p>\n<p><span style=\"color: #000000;\">Kontaktieren Sie uns.\u00a0<\/span><\/p>\n<\/li>\n<\/ul>\n<p><span style=\"color: #000000;\">\u00a0<\/span><\/p>\n<p>[\/et_pb_text][\/et_pb_column][\/et_pb_row][\/et_pb_section][et_pb_section fb_built=&#8220;1&#8243; admin_label=&#8220;section&#8220; _builder_version=&#8220;4.23.1&#8243; background_color=&#8220;rgba(130,46,46,0.45)&#8220; custom_margin=&#8220;0px|0px|0px|0px&#8220; custom_padding=&#8220;0px|0px|0px|0px&#8220; hover_enabled=&#8220;0&#8243; transparent_background=&#8220;off&#8220; collapsed=&#8220;off&#8220; global_colors_info=&#8220;{}&#8220; sticky_enabled=&#8220;0&#8243;][\/et_pb_section]<\/p>\n","protected":false},"excerpt":{"rendered":"<p>SOFTWARE PRODUKTEDie Softwarel\u00f6sung mit allen Besonderheiten f\u00fcr den Fenster, T\u00fcren Rollladen und KlappladenbauDie Software f\u00fcr den Fenster- und Elementbau in PVC \/ Aluminium Die Software f\u00fcr den Fenster- und Elementbau in HOLZ Die Software f\u00fcr den Handel von Fenster-, T\u00fcren, Klappl\u00e4den, Rolll\u00e4den und vieles mehr Die Software f\u00fcr die Produktion und Vertrieb von Klappl\u00e4den Der [&hellip;]<\/p>\n","protected":false},"author":1,"featured_media":0,"parent":0,"menu_order":3,"comment_status":"closed","ping_status":"closed","template":"","meta":{"_et_pb_use_builder":"on","_et_pb_old_content":"<div><h2><strong><span style=\"text-align: justify;\">Speziell entwickelte L\u00f6sung mit allen Besonderheiten im Fensterbau bzw. T\u00fcrenbau.<\/span><\/strong><\/h2><\/div><div><p>Die Software ist Modular aufgebaut:<\/p><p style=\"text-align: justify;\">Von der einfachen und schnellen Angebotserfassung, zur Statistikauswertung, CE Kennzeichnung bis hin zu komplexen Maschinensteuerungen, alles ist m\u00f6glich.<\/p><p style=\"text-align: justify;\">In den letzten\u00a030 Jahren hat sich im Fensterbau vielen getan, Ratano hielt immer schritt und bietet zu fast allen hohen Anforderungen eine L\u00f6sung. Alle weitere Module entnehmen Sie aus den <a title=\"Modulare Software\" href=\"https:\/\/www.ratano.de\/soft\/produkte\/modulare-fensterbau-software\/\" target=\"_blank\" rel=\"noopener\">Modulen<\/a>.<\/p><\/div><div><h1>\u00a0<\/h1><h1>\u00a0<\/h1><h1>Rollladenbau<\/h1><p style=\"text-align: justify;\">Von Rolll\u00e4den \u2013 K\u00e4sten, Vorbau Rolll\u00e4den, Aufbaurolll\u00e4den und Insektenschutz, alles wird sowohl kaufm\u00e4nnisch wie auch technisch verwaltet.<\/p><\/div><div><h1>\u00a0<\/h1><h1>\u00a0<\/h1><h1>Klappladenbau<\/h1><p>Der Klappladenbau \u00e4hnelt nur auf dem ersten Blick dem Fensterbau. In Wirklichkeit erfordert der Klappladenbau ganz andere L\u00f6sungen. Die Zusammenarbeit mit vielen Klappladenherstellern aus dem Mittelmeerraum, wo zu jedem Fenster ein Klappladen geh\u00f6rt, best\u00e4tigt das.<\/p><h1>\u00a0<\/h1><h1>\u00a0<\/h1><h1>Handelsl\u00f6sungen<\/h1><\/div><div><p style=\"text-align: justify;\">F\u00fcr eine schnelle und einfache Angebotserfassung bis zum Rechnungsausdruck, hat Ratano eine kleine und einfache Handelsl\u00f6sung sowohl f\u00fcr selbst\u00e4ndige H\u00e4ndler wie auch f\u00fcr Vertreter erstellt.<\/p><\/div><h1>\u00a0<\/h1><h1>\u00a0<\/h1><h1>Hardware\/Software Anforderungen<\/h1><p style=\"text-align: justify;\">Voraussetzungen f\u00fcr das Betreiben unsere Software sind:<\/p><p style=\"text-align: justify;\">Windows 7 (x86 & x64)\/Windows 8,\u00a08.1, WIN 10 mit mindestens 64 MB RAM, ca. 300 MB freiem Festplattenplatz, VGA-Grafikkarte, Monitor mit 1024 x 768 Aufl\u00f6sung, kompatible Windows Maus und Drucker.<\/p><p style=\"text-align: justify;\">Sie brauchen keine High End teuren Hardwaresysteme, Netzwerk- oder Serverl\u00f6sungen um die Software stabil laufen zu lassen.<\/p><p style=\"text-align: justify;\"><span style=\"color: #3366ff;\">JETZT AUCH ALS WEBL\u00d6SUNG.<\/span><\/p><p style=\"text-align: justify;\">Wir bieten Software an, welche mit der vorhandenen Hardware eingesetzt werden kann.<\/p>","_et_gb_content_width":"","footnotes":""},"class_list":["post-142","page","type-page","status-publish","hentry"],"_links":{"self":[{"href":"https:\/\/www.ratano.de\/soft\/wp-json\/wp\/v2\/pages\/142","targetHints":{"allow":["GET"]}}],"collection":[{"href":"https:\/\/www.ratano.de\/soft\/wp-json\/wp\/v2\/pages"}],"about":[{"href":"https:\/\/www.ratano.de\/soft\/wp-json\/wp\/v2\/types\/page"}],"author":[{"embeddable":true,"href":"https:\/\/www.ratano.de\/soft\/wp-json\/wp\/v2\/users\/1"}],"replies":[{"embeddable":true,"href":"https:\/\/www.ratano.de\/soft\/wp-json\/wp\/v2\/comments?post=142"}],"version-history":[{"count":58,"href":"https:\/\/www.ratano.de\/soft\/wp-json\/wp\/v2\/pages\/142\/revisions"}],"predecessor-version":[{"id":7261,"href":"https:\/\/www.ratano.de\/soft\/wp-json\/wp\/v2\/pages\/142\/revisions\/7261"}],"wp:attachment":[{"href":"https:\/\/www.ratano.de\/soft\/wp-json\/wp\/v2\/media?parent=142"}],"curies":[{"name":"wp","href":"https:\/\/api.w.org\/{rel}","templated":true}]}}