{"id":54,"date":"2012-09-26T00:11:46","date_gmt":"2012-09-25T22:11:46","guid":{"rendered":"http:\/\/www.ratano.de\/soft\/?page_id=54"},"modified":"2024-02-22T07:48:29","modified_gmt":"2024-02-22T06:48:29","slug":"warum-wir","status":"publish","type":"page","link":"https:\/\/www.ratano.de\/soft\/wir\/warum-wir\/","title":{"rendered":"Warum wir"},"content":{"rendered":"<p>[et_pb_section fb_built=&#8220;1&#8243; fullwidth=&#8220;on&#8220; _builder_version=&#8220;4.16&#8243; global_colors_info=&#8220;{}&#8220;][et_pb_fullwidth_image src=&#8220;https:\/\/www.ratano.de\/soft\/images\/nyc_top_of_the_rock_pano.jpg&#8220; url=&#8220;https:\/\/www.ratano.de\/soft\/wp-content\/uploads\/2019\/10\/NYC_Top_of_the_Rock_Pano.jpg&#8220; _builder_version=&#8220;4.16&#8243; global_colors_info=&#8220;{}&#8220;][\/et_pb_fullwidth_image][\/et_pb_section][et_pb_section fb_built=&#8220;1&#8243; _builder_version=&#8220;4.16&#8243; global_colors_info=&#8220;{}&#8220;][et_pb_row _builder_version=&#8220;4.16&#8243; background_size=&#8220;initial&#8220; background_position=&#8220;top_left&#8220; background_repeat=&#8220;repeat&#8220; global_colors_info=&#8220;{}&#8220;][et_pb_column type=&#8220;4_4&#8243; _builder_version=&#8220;4.16&#8243; custom_padding=&#8220;|||&#8220; global_colors_info=&#8220;{}&#8220; custom_padding__hover=&#8220;|||&#8220;][et_pb_text _builder_version=&#8220;4.16&#8243; global_colors_info=&#8220;{}&#8220;]<\/p>\n<h3>Warum wir<\/h3>\n<p>Wir bieten Softwarel\u00f6sungen f\u00fcr den Fensterbau und Elementbau seit nun mehr als 30 Jahren.<br \/>So ziemlich alles was im Fensterbau und Fenster Handel zum Teil der Tagesordnung geh\u00f6rt, k\u00f6nnen Sie hiermit verwalten. Ohne gro\u00dfe Datenbanken, ohne starke Rechner\/Server Leistung.<\/p>\n<ul>\n<li>Einfach zu Verwalten, Individuelle Anpassungen und vieles mehr zu einem g\u00fcnstigen Preis.<\/li>\n<li>Jahrzehnte lange Erfahrung gemixt mit einen jungen Team sowie unseren Internationalen Vertretern, damit betreuen wir mehr als 1500 Kunden weltweit.<\/li>\n<li>Die Software von David Ratano war der Pionier in vielen Ideen sowohl grafisch als auch technisch und auf Managementebene.<\/li>\n<li>Die stets auf Innovation ausgerichtete Software ist System- und Lieferantenunabh\u00e4ngig.<\/li>\n<li>In Italien, zur <strong><span style=\"color: #3366ff;\">Software Nr. 1<\/span><\/strong> bei Fenster Herstellern in PVC\/Holz und Mix Systeme.<\/li>\n<\/ul>\n<p>[\/et_pb_text][et_pb_text _builder_version=&#8220;4.16&#8243; global_colors_info=&#8220;{}&#8220;][\/et_pb_text][et_pb_text _builder_version=&#8220;4.16&#8243; global_colors_info=&#8220;{}&#8220;][\/et_pb_text][\/et_pb_column][\/et_pb_row][\/et_pb_section][et_pb_section fb_built=&#8220;1&#8243; fullwidth=&#8220;on&#8220; _builder_version=&#8220;4.16&#8243; global_colors_info=&#8220;{}&#8220;][et_pb_fullwidth_image src=&#8220;http:\/\/www.ratano.de\/soft\/images\/codei.jpg&#8220; _builder_version=&#8220;4.16&#8243; global_colors_info=&#8220;{}&#8220;][\/et_pb_fullwidth_image][\/et_pb_section][et_pb_section fb_built=&#8220;1&#8243; _builder_version=&#8220;4.16&#8243; global_colors_info=&#8220;{}&#8220;][et_pb_row _builder_version=&#8220;4.16&#8243; background_size=&#8220;initial&#8220; background_position=&#8220;top_left&#8220; background_repeat=&#8220;repeat&#8220; custom_padding=&#8220;25px|0px|25.2188px|0px|false|false&#8220; global_colors_info=&#8220;{}&#8220;][et_pb_column type=&#8220;4_4&#8243; _builder_version=&#8220;4.16&#8243; custom_padding=&#8220;|||&#8220; global_colors_info=&#8220;{}&#8220; custom_padding__hover=&#8220;|||&#8220;][et_pb_text _builder_version=&#8220;4.16&#8243; global_colors_info=&#8220;{}&#8220;][\/et_pb_text][et_pb_text _builder_version=&#8220;4.16&#8243; global_colors_info=&#8220;{}&#8220;]<\/p>\n<h3>Spezialisiert auf Entwicklung, Vertrieb und Support<\/h3>\n<p>Die Firma RatanoEDV e.K.\u00a0hat sich darauf spezialisiert, Dienstleistungen f\u00fcr Unternehmen im Bereich T\u00fcren und Fenster anzubieten. Insbesondere verantwortlich f\u00fcr die Entwicklung, Vertrieb und den Support von Fin3000\/HOLZ3000 f\u00fcr Hersteller von Fenster und T\u00fcren. Von der technischen und kaufm\u00e4nnischen Beratung, die f\u00fcr den Sektor spezifisch ist bis hin zur L\u00f6sungsfindung\u00a0 der besonderen Probleme im Zusammenhang mit der Organisation des Unternehmens, orientier sich unser Service.<\/p>\n<p>Die Unterst\u00fctzung nach dem Verkauf ist der Schl\u00fcssel zum Erfolg unseres Produkts. Tats\u00e4chlich umfasst unser Service Schulungen, Installation und Support, durch einem Team spezialisierter Techniker am Kundenstandort, sowie auch &#8222;aus der Ferne&#8220; mit modernsten Kommunikationstechnologien via Remoteunterst\u00fctzung wie aber auch direkt am Kundenstandort.[\/et_pb_text][et_pb_text _builder_version=&#8220;4.16&#8243; global_colors_info=&#8220;{}&#8220;][\/et_pb_text][\/et_pb_column][\/et_pb_row][\/et_pb_section][et_pb_section fb_built=&#8220;1&#8243; fullwidth=&#8220;on&#8220; _builder_version=&#8220;4.16&#8243; global_colors_info=&#8220;{}&#8220;][et_pb_fullwidth_image src=&#8220;http:\/\/www.ratano.de\/soft\/images\/client1.jpg&#8220; _builder_version=&#8220;4.16&#8243; global_colors_info=&#8220;{}&#8220;][\/et_pb_fullwidth_image][\/et_pb_section][et_pb_section fb_built=&#8220;1&#8243; _builder_version=&#8220;4.16&#8243; global_colors_info=&#8220;{}&#8220;][et_pb_row _builder_version=&#8220;4.16&#8243; global_colors_info=&#8220;{}&#8220;][et_pb_column type=&#8220;4_4&#8243; _builder_version=&#8220;4.16&#8243; custom_padding=&#8220;|||&#8220; global_colors_info=&#8220;{}&#8220; custom_padding__hover=&#8220;|||&#8220;][et_pb_text _builder_version=&#8220;4.16&#8243; global_colors_info=&#8220;{}&#8220;]<\/p>\n<h3>Kurzdarstellung von einem IT Software Spezialist<\/h3>\n<p>&#8222;Die Fensterbausoftware von RatanoEdv ist eine schnelle, unkomplizierte und in Sachen Hardwareanforderung gen\u00fcgsame Anwendung. Trotzdem ist gew\u00e4hrleistet das die anfallenden t\u00e4glichen Anforderungen schnell und effektiv erledigt werden k\u00f6nnen. Sei es das Erstellen von Angeboten und Auftr\u00e4gen in Tabellen\u2013 oder Echtkalkulation, Lieferscheine oder Abschl\u00e4ge bzw. Rechnungen. F\u00fcr den besseren \u00dcberblick stehen neben der Bonit\u00e4tskontrolle diverse kaufm\u00e4nnische Auswertungen zur Verf\u00fcgung, dadurch ist es zu jeder Zeit m\u00f6glich alle offenen Angebote, Auftr\u00e4ge\u00a0 oder Rechnungen usw. auszuwerten. F\u00fcr weitergehende Auswertungen gibt es ein komfortables Statistikmodul mit mannigfaltigen Auswertungsfunktionen sowie grafischer Darstellung. F\u00fcr den reibungslosen Ablauf der Fertigung steht unter anderem eine Kapazit\u00e4tsplanung zur Verf\u00fcgung, s\u00e4mtliche Materialien k\u00f6nnen Anhand der Materialverwaltung schnell und einfach ausgegeben werden. Papierlose Fertigung nebst Zeiterfassung, voll automatischer Lagerverwaltung und Ansteuerung der auf dem Markt befindlichen S\u00e4gen und CNC-Maschinen geh\u00f6ren ebenso dazu. Durch den modularen Aufbau k\u00f6nnen individuelle Softwarepakete zusammengestellt werden und ein mitwachsen der RatanoEdv Software mit den Anforderungen am Markt ist zu\u00a0 jeder Zeit einfach und unkompliziert m\u00f6glich. Keine externe Datenbank n\u00f6tig, geringe Hardware Anforderungen.&#8220;[\/et_pb_text][\/et_pb_column][\/et_pb_row][\/et_pb_section]<\/p>\n","protected":false},"excerpt":{"rendered":"<p>Warum wir Wir bieten Softwarel\u00f6sungen f\u00fcr den Fensterbau und Elementbau seit nun mehr als 30 Jahren.So ziemlich alles was im Fensterbau und Fenster Handel zum Teil der Tagesordnung geh\u00f6rt, k\u00f6nnen Sie hiermit verwalten. Ohne gro\u00dfe Datenbanken, ohne starke Rechner\/Server Leistung. Einfach zu Verwalten, Individuelle Anpassungen und vieles mehr zu einem g\u00fcnstigen Preis. Jahrzehnte lange Erfahrung [&hellip;]<\/p>\n","protected":false},"author":1,"featured_media":695,"parent":51,"menu_order":1,"comment_status":"closed","ping_status":"closed","template":"","meta":{"_et_pb_use_builder":"on","_et_pb_old_content":"<h1>Mit unseren L\u00f6sungen sparen Sie sofort richtig Geld<\/h1>\r\n<h2><a title=\"Example 1\" href=\"https:\/\/www.ratano.de\/index.php\/wir\/warum-wir#\"><img class=\"alignleft\" src=\"https:\/\/www.ratano.de\/images\/stories\/pic9.jpg\" alt=\"alt\" width=\"80\" height=\"80\" border=\"0\"><\/a><\/h2>\r\n<p style=\"text-align: justify;\">Wir bieten Softwarel\u00f6sungen und Datenpflege nicht nur zu g\u00fcnstigen Konditionen an, sondern lassen Ihnen dann auch die M\u00f6glichkeit offen, selbst weitere oder neue<\/p>\r\n\r\n<h2 style=\"text-align: left;\"><\/h2>\r\n<p style=\"text-align: justify;\">Farben, Artikel, Beschl\u00e4ge, Profile, Preise, uvm. in das System einzubinden. Dadurch entstehen keine Wartezeiten und Ihre Arbeitsprozesse laufen stets weiter.<\/p>\r\n<p style=\"text-align: justify;\">Speziell angepasste L\u00f6sungen erlauben das gemeinsame verwalten von Daten mit Wiederverk\u00e4ufern, Vertretern und Partner, selbstverst\u00e4ndlich auch per Remotesystemen via Internet.<\/p>\r\n\r\n<h2 style=\"text-align: justify;\"><\/h2>\r\n<h1>Service und Support<\/h1>\r\n<p style=\"text-align: justify;\"><a href=\"https:\/\/www.ratano.de\/soft\/wp-content\/uploads\/2012\/09\/pic11.jpg\"><img class=\"alignleft size-full wp-image-848\" title=\"pic11\" src=\"https:\/\/www.ratano.de\/soft\/wp-content\/uploads\/2012\/09\/pic11.jpg\" alt=\"\" width=\"80\" height=\"80\"><\/a>Wir m\u00fcssen nicht immer vor Ort sein, um ein Problem zu l\u00f6sen oder um neue W\u00fcnsche zu besprechen und einzurichten. Dank Techniker, Hotline und der Fernwartungssoftware k\u00f6nnen wir zu jeder Zeit und von jedem Ort sofort helfen. Speziell angepasste L\u00f6sungen erlauben das gemeinsame verwalten von Daten mit Wiederverk\u00e4ufern, Vertretern und Partner, selbstverst\u00e4ndlich auch per Remotesystemen via Internet.<\/p>\r\n<p style=\"text-align: justify;\">\u00a0<strong><\/strong><\/p>\r\n\r\n<h1>Kurzdarstellung von einem EDV-Spezialisten<\/h1>\r\n<h2><strong><a title=\"Example 1\" href=\"https:\/\/www.ratano.de\/index.php\/wir\/warum-wir#\"><img class=\"alignleft\" src=\"https:\/\/www.ratano.de\/images\/stories\/pic10.jpg\" alt=\"Softwarefensterbau\" width=\"80\" height=\"80\" border=\"0\"><\/a><\/strong><\/h2>\r\n<p style=\"text-align: justify;\">Die Fensterbausoftware von RatanoEdv ist eine schnelle, unkomplizierte und in Sachen Hardwareanforderung gen\u00fcgsame Anwendung. Trotzdem ist gew\u00e4hrleistet das die anfallenden t\u00e4glichen Anforderungen schnell und effektiv erledigt werden k\u00f6nnen. Sei es das Erstellen von Angeboten und Auftr\u00e4gen in Tabellen\u2013 oder Echtkalkulation, Lieferscheine oder Abschl\u00e4ge bzw. Rechnungen. F\u00fcr den besseren \u00dcberblick stehen neben der Bonit\u00e4tskontrolle diverse kaufm\u00e4nnische Auswertungen zur Verf\u00fcgung, dadurch ist es zu jeder Zeit m\u00f6glich alle offenen Angebote, Auftr\u00e4ge\u00a0 oder Rechnungen usw. auszuwerten. F\u00fcr weitergehende Auswertungen gibt es ein komfortables Statistikmodul mit mannigfaltigen Auswertungsfunktionen sowie grafischer Darstellung. F\u00fcr den reibungslosen Ablauf der Fertigung steht unter anderem eine Kapazit\u00e4tsplanung zur Verf\u00fcgung, s\u00e4mtliche Materialien k\u00f6nnen Anhand der Materialverwaltung schnell und einfach ausgegeben werden. Papierlose Fertigung nebst Zeiterfassung, voll automatischer Lagerverwaltung und Ansteuerung der auf dem Markt befindlichen S\u00e4gen und CNC-Maschinen geh\u00f6ren ebenso dazu. Durch den modularen Aufbau k\u00f6nnen individuelle Softwarepakete zusammengestellt werden und ein mitwachsen der RatanoEdv Software mit den Anforderungen am Markt ist zu\u00a0 jeder Zeit einfach und unkompliziert m\u00f6glich. Keine externe Datenbank n\u00f6tig, geringe Hardware Anforderungen.<\/p>","_et_gb_content_width":"","footnotes":""},"class_list":["post-54","page","type-page","status-publish","has-post-thumbnail","hentry"],"yoast_head":"<!-- This site is optimized with the Yoast SEO plugin v27.3 - https:\/\/yoast.com\/product\/yoast-seo-wordpress\/ -->\n<title>Warum wir - Ratano EDV<\/title>\n<meta name=\"robots\" content=\"index, follow, max-snippet:-1, max-image-preview:large, max-video-preview:-1\" \/>\n<link rel=\"canonical\" href=\"https:\/\/www.ratano.de\/soft\/wir\/warum-wir\/\" \/>\n<meta property=\"og:locale\" content=\"de_DE\" \/>\n<meta property=\"og:type\" content=\"article\" \/>\n<meta property=\"og:title\" content=\"Warum wir - Ratano EDV\" \/>\n<meta property=\"og:description\" content=\"Warum wir Wir bieten Softwarel\u00f6sungen f\u00fcr den Fensterbau und Elementbau seit nun mehr als 30 Jahren.So ziemlich alles was im Fensterbau und Fenster Handel zum Teil der Tagesordnung geh\u00f6rt, k\u00f6nnen Sie hiermit verwalten. Ohne gro\u00dfe Datenbanken, ohne starke Rechner\/Server Leistung. Einfach zu Verwalten, Individuelle Anpassungen und vieles mehr zu einem g\u00fcnstigen Preis. Jahrzehnte lange Erfahrung [&hellip;]\" \/>\n<meta property=\"og:url\" content=\"https:\/\/www.ratano.de\/soft\/wir\/warum-wir\/\" \/>\n<meta property=\"og:site_name\" content=\"Ratano EDV\" \/>\n<meta property=\"article:modified_time\" content=\"2024-02-22T06:48:29+00:00\" \/>\n<meta property=\"og:image\" content=\"https:\/\/www.ratano.de\/soft\/wp-content\/uploads\/2012\/09\/Ratano1.jpg\" \/>\n\t<meta property=\"og:image:width\" content=\"1440\" \/>\n\t<meta property=\"og:image:height\" content=\"860\" \/>\n\t<meta property=\"og:image:type\" content=\"image\/jpeg\" \/>\n<meta name=\"twitter:label1\" content=\"Gesch\u00e4tzte Lesezeit\" \/>\n\t<meta name=\"twitter:data1\" content=\"4\u00a0Minuten\" \/>\n<script type=\"application\/ld+json\" class=\"yoast-schema-graph\">{\"@context\":\"https:\\\/\\\/schema.org\",\"@graph\":[{\"@type\":\"WebPage\",\"@id\":\"https:\\\/\\\/www.ratano.de\\\/soft\\\/wir\\\/warum-wir\\\/\",\"url\":\"https:\\\/\\\/www.ratano.de\\\/soft\\\/wir\\\/warum-wir\\\/\",\"name\":\"Warum wir - Ratano EDV\",\"isPartOf\":{\"@id\":\"https:\\\/\\\/www.ratano.de\\\/soft\\\/#website\"},\"primaryImageOfPage\":{\"@id\":\"https:\\\/\\\/www.ratano.de\\\/soft\\\/wir\\\/warum-wir\\\/#primaryimage\"},\"image\":{\"@id\":\"https:\\\/\\\/www.ratano.de\\\/soft\\\/wir\\\/warum-wir\\\/#primaryimage\"},\"thumbnailUrl\":\"https:\\\/\\\/www.ratano.de\\\/soft\\\/wp-content\\\/uploads\\\/2012\\\/09\\\/Ratano1.jpg\",\"datePublished\":\"2012-09-25T22:11:46+00:00\",\"dateModified\":\"2024-02-22T06:48:29+00:00\",\"breadcrumb\":{\"@id\":\"https:\\\/\\\/www.ratano.de\\\/soft\\\/wir\\\/warum-wir\\\/#breadcrumb\"},\"inLanguage\":\"de\",\"potentialAction\":[{\"@type\":\"ReadAction\",\"target\":[\"https:\\\/\\\/www.ratano.de\\\/soft\\\/wir\\\/warum-wir\\\/\"]}]},{\"@type\":\"ImageObject\",\"inLanguage\":\"de\",\"@id\":\"https:\\\/\\\/www.ratano.de\\\/soft\\\/wir\\\/warum-wir\\\/#primaryimage\",\"url\":\"https:\\\/\\\/www.ratano.de\\\/soft\\\/wp-content\\\/uploads\\\/2012\\\/09\\\/Ratano1.jpg\",\"contentUrl\":\"https:\\\/\\\/www.ratano.de\\\/soft\\\/wp-content\\\/uploads\\\/2012\\\/09\\\/Ratano1.jpg\",\"width\":1440,\"height\":860},{\"@type\":\"BreadcrumbList\",\"@id\":\"https:\\\/\\\/www.ratano.de\\\/soft\\\/wir\\\/warum-wir\\\/#breadcrumb\",\"itemListElement\":[{\"@type\":\"ListItem\",\"position\":1,\"name\":\"Start\",\"item\":\"https:\\\/\\\/www.ratano.de\\\/soft\\\/\"},{\"@type\":\"ListItem\",\"position\":2,\"name\":\"Wir\",\"item\":\"https:\\\/\\\/www.ratano.de\\\/soft\\\/wir\\\/\"},{\"@type\":\"ListItem\",\"position\":3,\"name\":\"Warum wir\"}]},{\"@type\":\"WebSite\",\"@id\":\"https:\\\/\\\/www.ratano.de\\\/soft\\\/#website\",\"url\":\"https:\\\/\\\/www.ratano.de\\\/soft\\\/\",\"name\":\"Ratano EDV\",\"description\":\"Software f\u00fcr Fensterbau und Fensterhandel\",\"potentialAction\":[{\"@type\":\"SearchAction\",\"target\":{\"@type\":\"EntryPoint\",\"urlTemplate\":\"https:\\\/\\\/www.ratano.de\\\/soft\\\/?s={search_term_string}\"},\"query-input\":{\"@type\":\"PropertyValueSpecification\",\"valueRequired\":true,\"valueName\":\"search_term_string\"}}],\"inLanguage\":\"de\"}]}<\/script>\n<!-- \/ Yoast SEO plugin. -->","yoast_head_json":{"title":"Warum wir - Ratano EDV","robots":{"index":"index","follow":"follow","max-snippet":"max-snippet:-1","max-image-preview":"max-image-preview:large","max-video-preview":"max-video-preview:-1"},"canonical":"https:\/\/www.ratano.de\/soft\/wir\/warum-wir\/","og_locale":"de_DE","og_type":"article","og_title":"Warum wir - Ratano EDV","og_description":"Warum wir Wir bieten Softwarel\u00f6sungen f\u00fcr den Fensterbau und Elementbau seit nun mehr als 30 Jahren.So ziemlich alles was im Fensterbau und Fenster Handel zum Teil der Tagesordnung geh\u00f6rt, k\u00f6nnen Sie hiermit verwalten. Ohne gro\u00dfe Datenbanken, ohne starke Rechner\/Server Leistung. Einfach zu Verwalten, Individuelle Anpassungen und vieles mehr zu einem g\u00fcnstigen Preis. Jahrzehnte lange Erfahrung [&hellip;]","og_url":"https:\/\/www.ratano.de\/soft\/wir\/warum-wir\/","og_site_name":"Ratano EDV","article_modified_time":"2024-02-22T06:48:29+00:00","og_image":[{"width":1440,"height":860,"url":"https:\/\/www.ratano.de\/soft\/wp-content\/uploads\/2012\/09\/Ratano1.jpg","type":"image\/jpeg"}],"twitter_misc":{"Gesch\u00e4tzte Lesezeit":"4\u00a0Minuten"},"schema":{"@context":"https:\/\/schema.org","@graph":[{"@type":"WebPage","@id":"https:\/\/www.ratano.de\/soft\/wir\/warum-wir\/","url":"https:\/\/www.ratano.de\/soft\/wir\/warum-wir\/","name":"Warum wir - Ratano EDV","isPartOf":{"@id":"https:\/\/www.ratano.de\/soft\/#website"},"primaryImageOfPage":{"@id":"https:\/\/www.ratano.de\/soft\/wir\/warum-wir\/#primaryimage"},"image":{"@id":"https:\/\/www.ratano.de\/soft\/wir\/warum-wir\/#primaryimage"},"thumbnailUrl":"https:\/\/www.ratano.de\/soft\/wp-content\/uploads\/2012\/09\/Ratano1.jpg","datePublished":"2012-09-25T22:11:46+00:00","dateModified":"2024-02-22T06:48:29+00:00","breadcrumb":{"@id":"https:\/\/www.ratano.de\/soft\/wir\/warum-wir\/#breadcrumb"},"inLanguage":"de","potentialAction":[{"@type":"ReadAction","target":["https:\/\/www.ratano.de\/soft\/wir\/warum-wir\/"]}]},{"@type":"ImageObject","inLanguage":"de","@id":"https:\/\/www.ratano.de\/soft\/wir\/warum-wir\/#primaryimage","url":"https:\/\/www.ratano.de\/soft\/wp-content\/uploads\/2012\/09\/Ratano1.jpg","contentUrl":"https:\/\/www.ratano.de\/soft\/wp-content\/uploads\/2012\/09\/Ratano1.jpg","width":1440,"height":860},{"@type":"BreadcrumbList","@id":"https:\/\/www.ratano.de\/soft\/wir\/warum-wir\/#breadcrumb","itemListElement":[{"@type":"ListItem","position":1,"name":"Start","item":"https:\/\/www.ratano.de\/soft\/"},{"@type":"ListItem","position":2,"name":"Wir","item":"https:\/\/www.ratano.de\/soft\/wir\/"},{"@type":"ListItem","position":3,"name":"Warum wir"}]},{"@type":"WebSite","@id":"https:\/\/www.ratano.de\/soft\/#website","url":"https:\/\/www.ratano.de\/soft\/","name":"Ratano EDV","description":"Software f\u00fcr Fensterbau und Fensterhandel","potentialAction":[{"@type":"SearchAction","target":{"@type":"EntryPoint","urlTemplate":"https:\/\/www.ratano.de\/soft\/?s={search_term_string}"},"query-input":{"@type":"PropertyValueSpecification","valueRequired":true,"valueName":"search_term_string"}}],"inLanguage":"de"}]}},"_links":{"self":[{"href":"https:\/\/www.ratano.de\/soft\/wp-json\/wp\/v2\/pages\/54","targetHints":{"allow":["GET"]}}],"collection":[{"href":"https:\/\/www.ratano.de\/soft\/wp-json\/wp\/v2\/pages"}],"about":[{"href":"https:\/\/www.ratano.de\/soft\/wp-json\/wp\/v2\/types\/page"}],"author":[{"embeddable":true,"href":"https:\/\/www.ratano.de\/soft\/wp-json\/wp\/v2\/users\/1"}],"replies":[{"embeddable":true,"href":"https:\/\/www.ratano.de\/soft\/wp-json\/wp\/v2\/comments?post=54"}],"version-history":[{"count":34,"href":"https:\/\/www.ratano.de\/soft\/wp-json\/wp\/v2\/pages\/54\/revisions"}],"predecessor-version":[{"id":7247,"href":"https:\/\/www.ratano.de\/soft\/wp-json\/wp\/v2\/pages\/54\/revisions\/7247"}],"up":[{"embeddable":true,"href":"https:\/\/www.ratano.de\/soft\/wp-json\/wp\/v2\/pages\/51"}],"wp:featuredmedia":[{"embeddable":true,"href":"https:\/\/www.ratano.de\/soft\/wp-json\/wp\/v2\/media\/695"}],"wp:attachment":[{"href":"https:\/\/www.ratano.de\/soft\/wp-json\/wp\/v2\/media?parent=54"}],"curies":[{"name":"wp","href":"https:\/\/api.w.org\/{rel}","templated":true}]}}