{"id":56,"date":"2012-09-26T00:08:48","date_gmt":"2012-09-25T22:08:48","guid":{"rendered":"http:\/\/www.ratano.de\/soft\/?page_id=56"},"modified":"2025-12-03T17:22:19","modified_gmt":"2025-12-03T16:22:19","slug":"vorteile","status":"publish","type":"page","link":"https:\/\/www.ratano.de\/soft\/wir\/vorteile\/","title":{"rendered":"Vorteile"},"content":{"rendered":"<p>[et_pb_section fb_built=&#8220;1&#8243; admin_label=&#8220;section&#8220; _builder_version=&#8220;4.16&#8243; global_colors_info=&#8220;{}&#8220;][et_pb_row admin_label=&#8220;row&#8220; _builder_version=&#8220;4.16&#8243; background_size=&#8220;initial&#8220; background_position=&#8220;top_left&#8220; background_repeat=&#8220;repeat&#8220; global_colors_info=&#8220;{}&#8220;][et_pb_column type=&#8220;4_4&#8243; _builder_version=&#8220;4.16&#8243; custom_padding=&#8220;|||&#8220; global_colors_info=&#8220;{}&#8220; custom_padding__hover=&#8220;|||&#8220;][et_pb_text admin_label=&#8220;Text&#8220; _builder_version=&#8220;4.16&#8243; background_size=&#8220;initial&#8220; background_position=&#8220;top_left&#8220; background_repeat=&#8220;repeat&#8220; global_colors_info=&#8220;{}&#8220;]<\/p>\n<h2 data-start=\"944\" data-end=\"1004\">\ud83d\udd25 <strong data-start=\"950\" data-end=\"1002\">1. Jahrzehntelange Branchenerfahrung \u2013 seit 1986<\/strong><\/h2>\n<p data-start=\"1005\" data-end=\"1181\"><strong data-start=\"1592\" data-end=\"1608\">Fin3000 <\/strong>wurde speziell f\u00fcr den Fenster-, T\u00fcren- und Klappladenbau entwickelt.<br data-start=\"1080\" data-end=\"1083\" \/>Unsere jahrzehntelange Spezialisierung macht uns zu einem der zuverl\u00e4ssigsten Partner der Branche.<\/p>\n<ul data-start=\"1183\" data-end=\"1332\">\n<li data-start=\"1183\" data-end=\"1214\">\n<p data-start=\"1185\" data-end=\"1214\">\u00dcber <strong data-start=\"1190\" data-end=\"1212\">38 Jahre Erfahrung<\/strong><\/p>\n<\/li>\n<li data-start=\"1215\" data-end=\"1253\">\n<p data-start=\"1217\" data-end=\"1253\"><strong data-start=\"1217\" data-end=\"1241\">2000+ Installationen<\/strong> in Europa<\/p>\n<\/li>\n<li data-start=\"1254\" data-end=\"1284\">\n<p data-start=\"1256\" data-end=\"1284\"><strong data-start=\"1256\" data-end=\"1282\">10 verf\u00fcgbare Sprachen<\/strong><\/p>\n<\/li>\n<li data-start=\"1285\" data-end=\"1332\">\n<p data-start=\"1287\" data-end=\"1332\"><strong data-start=\"1287\" data-end=\"1332\">Mehr als 5000 Anwender t\u00e4glich im Einsatz<\/strong><\/p>\n<\/li>\n<\/ul>\n<p data-start=\"1334\" data-end=\"1445\">\u27a1\ufe0f Dieser Erfahrungsvorsprung garantiert Stabilit\u00e4t, ausgereifte Funktionen und langj\u00e4hrige Zukunftssicherheit.<\/p>\n<p data-start=\"1334\" data-end=\"1445\">\n<h2 data-start=\"1452\" data-end=\"1510\">\u26a1 <strong data-start=\"1457\" data-end=\"1508\">2. Extrem schnell \u2013 ohne teure IT-Infrastruktur<\/strong><\/h2>\n<p data-start=\"1511\" data-end=\"1608\">Viele moderne Systeme erfordern Server, SQL-Datenbanken oder teure Cloud-Abos.<br data-start=\"1589\" data-end=\"1592\" \/><strong data-start=\"1592\" data-end=\"1608\">Fin3000 nicht.<\/strong><\/p>\n<ul data-start=\"1610\" data-end=\"1803\">\n<li data-start=\"1610\" data-end=\"1652\">\n<p data-start=\"1612\" data-end=\"1652\">keine SQL- oder Oracle-Datenbank n\u00f6tig<\/p>\n<\/li>\n<li data-start=\"1653\" data-end=\"1687\">\n<p data-start=\"1655\" data-end=\"1687\">minimale Hardwareanforderungen<\/p>\n<\/li>\n<li data-start=\"1688\" data-end=\"1712\">\n<p data-start=\"1690\" data-end=\"1712\">schnelle Einrichtung<\/p>\n<\/li>\n<li data-start=\"1713\" data-end=\"1763\">\n<p data-start=\"1715\" data-end=\"1763\">keine zus\u00e4tzlichen Betriebssystemerweiterungen<\/p>\n<\/li>\n<li data-start=\"1764\" data-end=\"1803\">\n<p data-start=\"1766\" data-end=\"1803\">l\u00e4uft auch auf \u00e4lteren Arbeitspl\u00e4tzen<\/p>\n<\/li>\n<\/ul>\n<p data-start=\"1805\" data-end=\"1890\">\u27a1\ufe0f Perfekt f\u00fcr Handwerksbetriebe, die eine stabile und wirtschaftliche L\u00f6sung suchen.<\/p>\n<p data-start=\"1805\" data-end=\"1890\">\n<h2 data-start=\"1897\" data-end=\"1951\">\ud83e\udde9 <strong data-start=\"1903\" data-end=\"1949\">3. Flexibel anpassbar \u2013 ohne Programmierer<\/strong><\/h2>\n<p data-start=\"1952\" data-end=\"2034\">Ein Alleinstellungsmerkmal von <strong data-start=\"1592\" data-end=\"1608\">Fin3000 <\/strong>ist die vollst\u00e4ndige <strong data-start=\"2010\" data-end=\"2033\">Datenunabh\u00e4ngigkeit<\/strong>:<\/p>\n<ul data-start=\"2036\" data-end=\"2238\">\n<li data-start=\"2036\" data-end=\"2067\">\n<p data-start=\"2038\" data-end=\"2067\">Profile, Beschl\u00e4ge, Zubeh\u00f6r<\/p>\n<\/li>\n<li data-start=\"2068\" data-end=\"2097\">\n<p data-start=\"2070\" data-end=\"2097\">Materialien, Farben, Glas<\/p>\n<\/li>\n<li data-start=\"2098\" data-end=\"2137\">\n<p data-start=\"2100\" data-end=\"2137\">Typen, Schr\u00e4gen, Rundkonstruktionen<\/p>\n<\/li>\n<li data-start=\"2138\" data-end=\"2162\">\n<p data-start=\"2140\" data-end=\"2162\">Preise &amp; Kalkulation<\/p>\n<\/li>\n<li data-start=\"2163\" data-end=\"2179\">\n<p data-start=\"2165\" data-end=\"2179\">Drucklayouts<\/p>\n<\/li>\n<li data-start=\"2180\" data-end=\"2202\">\n<p data-start=\"2182\" data-end=\"2202\">Maschinenparameter<\/p>\n<\/li>\n<li data-start=\"2203\" data-end=\"2238\">\n<p data-start=\"2205\" data-end=\"2238\">Workflows f\u00fcr B\u00fcro &amp; Produktion<\/p>\n<\/li>\n<\/ul>\n<p data-start=\"2240\" data-end=\"2344\">Alles kann <strong data-start=\"2251\" data-end=\"2285\">selbst verwaltet und angepasst<\/strong> werden \u2013 ohne Programmierkenntnisse und ohne Zusatzkosten.<\/p>\n<p data-start=\"2346\" data-end=\"2416\">\u27a1\ufe0f Maximale Flexibilit\u00e4t f\u00fcr Betriebe mit individuellen Anforderungen.<\/p>\n<p data-start=\"2346\" data-end=\"2416\">\n<h2 data-start=\"2423\" data-end=\"2494\">\ud83d\udcbc <strong data-start=\"2429\" data-end=\"2492\">4. Eine echte Komplettl\u00f6sung \u2013 alle Abl\u00e4ufe in einem System<\/strong><\/h2>\n<p data-start=\"2495\" data-end=\"2619\"><strong data-start=\"1592\" data-end=\"1608\">Fin3000 <\/strong>verbindet B\u00fcro, Produktion und Montage zu einem einheitlichen Workflow.<br data-start=\"2572\" data-end=\"2575\" \/>Kein Multisystem-Chaos, keine Insell\u00f6sungen.<\/p>\n<p data-start=\"2621\" data-end=\"2646\"><strong data-start=\"2621\" data-end=\"2646\">Abgebildete Prozesse:<\/strong><\/p>\n<ul data-start=\"2648\" data-end=\"2976\">\n<li data-start=\"2648\" data-end=\"2682\">\n<p data-start=\"2650\" data-end=\"2682\">Angebots- &amp; Auftragsverwaltung<\/p>\n<\/li>\n<li data-start=\"2683\" data-end=\"2710\">\n<p data-start=\"2685\" data-end=\"2710\">Technische Konstruktion<\/p>\n<\/li>\n<li data-start=\"2711\" data-end=\"2733\">\n<p data-start=\"2713\" data-end=\"2733\">Produktionsplanung<\/p>\n<\/li>\n<li data-start=\"2734\" data-end=\"2758\">\n<p data-start=\"2736\" data-end=\"2758\">Papierlose Fertigung<\/p>\n<\/li>\n<li data-start=\"2759\" data-end=\"2793\">\n<p data-start=\"2761\" data-end=\"2793\">Lagerverwaltung &amp; Bestellwesen<\/p>\n<\/li>\n<li data-start=\"2794\" data-end=\"2821\">\n<p data-start=\"2796\" data-end=\"2821\">Logistik &amp; Auslieferung<\/p>\n<\/li>\n<li data-start=\"2822\" data-end=\"2860\">\n<p data-start=\"2824\" data-end=\"2860\">Montageplanung &amp; Serviceverwaltung<\/p>\n<\/li>\n<li data-start=\"2861\" data-end=\"2887\">\n<p data-start=\"2863\" data-end=\"2887\">WPK &amp; CE-Kennzeichnung<\/p>\n<\/li>\n<li data-start=\"2888\" data-end=\"2916\">\n<p data-start=\"2890\" data-end=\"2916\">Statistik &amp; Auswertungen<\/p>\n<\/li>\n<li data-start=\"2917\" data-end=\"2938\">\n<p data-start=\"2919\" data-end=\"2938\">Webshop-Anbindung<\/p>\n<\/li>\n<li data-start=\"2939\" data-end=\"2976\">\n<p data-start=\"2941\" data-end=\"2976\">ERP- &amp; Buchhaltungsschnittstellen<\/p>\n<\/li>\n<\/ul>\n<p data-start=\"2978\" data-end=\"3041\">\u27a1\ufe0f Alles in EINEM Programm \u2013 ohne komplizierte Modulstrukturen.<\/p>\n<p data-start=\"2978\" data-end=\"3041\">\n<h2 data-start=\"3048\" data-end=\"3116\"><\/h2>\n<h2 data-start=\"3048\" data-end=\"3116\">\ud83c\udfe2 <strong data-start=\"3054\" data-end=\"3114\">5. F\u00fcr Kleinbetriebe und gro\u00dfe Produktionswerke geeignet<\/strong><\/h2>\n<p data-start=\"3117\" data-end=\"3190\">Unsere flexible Architektur macht <strong data-start=\"1592\" data-end=\"1608\">Fin3000 <\/strong>f\u00fcr jede Betriebsgr\u00f6\u00dfe attraktiv:<\/p>\n<ul data-start=\"3192\" data-end=\"3413\">\n<li data-start=\"3192\" data-end=\"3229\">\n<p data-start=\"3194\" data-end=\"3229\">1\u20132 Arbeitspl\u00e4tze <strong data-start=\"3212\" data-end=\"3227\">ohne Server<\/strong><\/p>\n<\/li>\n<li data-start=\"3230\" data-end=\"3266\">\n<p data-start=\"3232\" data-end=\"3266\">mittlere Betriebe mit 5\u201320 Usern<\/p>\n<\/li>\n<li data-start=\"3267\" data-end=\"3305\">\n<p data-start=\"3269\" data-end=\"3305\">gro\u00dfe Werke mit 50+ Arbeitspl\u00e4tzen<\/p>\n<\/li>\n<li data-start=\"3306\" data-end=\"3366\">\n<p data-start=\"3308\" data-end=\"3366\">Lizenzmodell abh\u00e4ngig nur von gleichzeitig aktiven Usern<\/p>\n<\/li>\n<li data-start=\"3367\" data-end=\"3413\">\n<p data-start=\"3369\" data-end=\"3413\">Serverwechsel ohne Neuinstallation m\u00f6glich<\/p>\n<\/li>\n<\/ul>\n<p data-start=\"3415\" data-end=\"3464\">\u27a1\ufe0f Eine L\u00f6sung, die mit Ihrem Unternehmen w\u00e4chst.<\/p>\n<p data-start=\"3415\" data-end=\"3464\">\n<h2 data-start=\"3471\" data-end=\"3522\"><\/h2>\n<h2 data-start=\"3471\" data-end=\"3522\">\ud83d\udcbe <strong data-start=\"3477\" data-end=\"3520\">6. Kompakte Daten, hohe Geschwindigkeit<\/strong><\/h2>\n<p data-start=\"3523\" data-end=\"3580\"><strong data-start=\"1592\" data-end=\"1608\">Fin3000 <\/strong>ist bekannt f\u00fcr seine au\u00dfergew\u00f6hnliche Performance.<\/p>\n<ul data-start=\"3582\" data-end=\"3848\">\n<li data-start=\"3582\" data-end=\"3621\">\n<p data-start=\"3584\" data-end=\"3621\">komprimierte Basisdaten &lt; <strong data-start=\"3610\" data-end=\"3619\">30 MB<\/strong><\/p>\n<\/li>\n<li data-start=\"3622\" data-end=\"3671\">\n<p data-start=\"3624\" data-end=\"3671\">Gesamtdaten des Backups nach mehreren Jahren &lt; <strong data-start=\"3659\" data-end=\"3669\">200 MB<\/strong><\/p>\n<\/li>\n<li data-start=\"3672\" data-end=\"3695\">\n<p data-start=\"3674\" data-end=\"3695\">Backups in Sekunden<\/p>\n<\/li>\n<li data-start=\"3696\" data-end=\"3786\">\n<p data-start=\"3698\" data-end=\"3786\">extrem schnelle Verarbeitung selbst bei tausenden Angeboten, Auftr\u00e4gen und St\u00fccklisten<\/p>\n<\/li>\n<li data-start=\"3787\" data-end=\"3848\">\n<p data-start=\"3789\" data-end=\"3848\">perfekte Performance auch \u00fcber VPN oder entfernte Standorte<\/p>\n<\/li>\n<\/ul>\n<p data-start=\"3850\" data-end=\"3915\">\u27a1\ufe0f Weniger IT-Probleme, schnellere Abl\u00e4ufe, h\u00f6here Produktivit\u00e4t.<\/p>\n<h2 data-start=\"3922\" data-end=\"3990\"><\/h2>\n<h2 data-start=\"3922\" data-end=\"3990\"><\/h2>\n<h2 data-start=\"3922\" data-end=\"3990\">\ud83c\udfed <strong data-start=\"3928\" data-end=\"3988\">7. \u00dcber 120 Maschinenanbindungen \u2013 einzigartig in Europa<\/strong><\/h2>\n<p data-start=\"3991\" data-end=\"4083\"><strong data-start=\"1592\" data-end=\"1608\">Fin3000 <\/strong>ist eine der wenigen L\u00f6sungen, die <strong data-start=\"4032\" data-end=\"4059\">\u00fcber 120 Maschinentypen<\/strong> bereits realisiert hat:<\/p>\n<ul data-start=\"4085\" data-end=\"4280\">\n<li data-start=\"4085\" data-end=\"4094\">\n<p data-start=\"4087\" data-end=\"4094\">S\u00e4gen<\/p>\n<\/li>\n<li data-start=\"4095\" data-end=\"4115\">\n<p data-start=\"4097\" data-end=\"4115\">Schwei\u00dfmaschinen<\/p>\n<\/li>\n<li data-start=\"4116\" data-end=\"4143\">\n<p data-start=\"4118\" data-end=\"4143\">CNC-Bearbeitungszentren<\/p>\n<\/li>\n<li data-start=\"4144\" data-end=\"4173\">\n<p data-start=\"4146\" data-end=\"4173\">Beschlagsmontageautomaten<\/p>\n<\/li>\n<li data-start=\"4174\" data-end=\"4198\">\n<p data-start=\"4176\" data-end=\"4198\">Verglasungsautomaten<\/p>\n<\/li>\n<li data-start=\"4199\" data-end=\"4237\">\n<p data-start=\"4201\" data-end=\"4237\">Aluminium-, PVC- und Holzmaschinen<\/p>\n<\/li>\n<li data-start=\"4238\" data-end=\"4280\">\n<p data-start=\"4240\" data-end=\"4280\">Sondermaschinen und Eigenentwicklungen<\/p>\n<\/li>\n<\/ul>\n<p data-start=\"4282\" data-end=\"4310\">Dazu enge Kooperationen mit:<\/p>\n<ul data-start=\"4312\" data-end=\"4483\">\n<li data-start=\"4312\" data-end=\"4363\">\n<p data-start=\"4314\" data-end=\"4363\">allen gro\u00dfen italienischen Maschinenherstellern<\/p>\n<\/li>\n<li data-start=\"4364\" data-end=\"4411\">\n<p data-start=\"4366\" data-end=\"4411\">allen bedeutenden deutschen Maschinenbauern<\/p>\n<\/li>\n<li data-start=\"4412\" data-end=\"4483\">\n<p data-start=\"4414\" data-end=\"4483\">allen europ\u00e4ischen Beschlagsherstellern (inkl. Datenbereitstellung)<\/p>\n<\/li>\n<\/ul>\n<p data-start=\"4485\" data-end=\"4541\">\u27a1\ufe0f Schnell einsatzbereit, kompatibel und zukunftssicher.<\/p>\n<p data-start=\"4485\" data-end=\"4541\">\n<p data-start=\"4485\" data-end=\"4541\">\n<h2 data-start=\"4548\" data-end=\"4604\">\ud83d\udd17 <strong data-start=\"4554\" data-end=\"4602\">8. Offene Architektur \u2013 maximale Integration<\/strong><\/h2>\n<p data-start=\"4605\" data-end=\"4656\"><strong data-start=\"1592\" data-end=\"1608\">Fin3000 <\/strong>kommuniziert problemlos mit anderen Systemen:<\/p>\n<ul data-start=\"4658\" data-end=\"4838\">\n<li data-start=\"4658\" data-end=\"4692\">\n<p data-start=\"4660\" data-end=\"4692\">ERP- und Buchhaltungsprogramme<\/p>\n<\/li>\n<li data-start=\"4693\" data-end=\"4725\">\n<p data-start=\"4695\" data-end=\"4725\">PPS &amp; Produktionsleitsysteme<\/p>\n<\/li>\n<li data-start=\"4726\" data-end=\"4741\">\n<p data-start=\"4728\" data-end=\"4741\">mobile Apps<\/p>\n<\/li>\n<li data-start=\"4742\" data-end=\"4777\">\n<p data-start=\"4744\" data-end=\"4777\">Logistiksoftware (z. B. TomTom)<\/p>\n<\/li>\n<li data-start=\"4778\" data-end=\"4801\">\n<p data-start=\"4780\" data-end=\"4801\">Webshop-Anbindungen<\/p>\n<\/li>\n<li data-start=\"4802\" data-end=\"4838\">\n<p data-start=\"4804\" data-end=\"4838\">kundenspezifische Schnittstellen<\/p>\n<\/li>\n<\/ul>\n<p data-start=\"4840\" data-end=\"4890\">\u27a1\ufe0f Ihr Unternehmen bleibt flexibel und unabh\u00e4ngig.<\/p>\n<p data-start=\"4840\" data-end=\"4890\">\n<h2 data-start=\"4897\" data-end=\"4948\">\ud83d\udcf1 <strong data-start=\"4903\" data-end=\"4946\">9. Industrie 4.0 &amp; Papierlose Fertigung<\/strong><\/h2>\n<p data-start=\"4949\" data-end=\"5016\"><strong data-start=\"1592\" data-end=\"1608\">Fin3000 <\/strong>bietet alle modernen Funktionen f\u00fcr eine digitale Produktion:<\/p>\n<ul data-start=\"5018\" data-end=\"5215\">\n<li data-start=\"5018\" data-end=\"5047\">\n<p data-start=\"5020\" data-end=\"5047\">barcodebasierte Fertigung<\/p>\n<\/li>\n<li data-start=\"5048\" data-end=\"5070\">\n<p data-start=\"5050\" data-end=\"5070\">digitale Werkstatt<\/p>\n<\/li>\n<li data-start=\"5071\" data-end=\"5104\">\n<p data-start=\"5073\" data-end=\"5104\">papierlose Arbeitsanweisungen<\/p>\n<\/li>\n<li data-start=\"5105\" data-end=\"5132\">\n<p data-start=\"5107\" data-end=\"5132\">digitaler Materialfluss<\/p>\n<\/li>\n<li data-start=\"5133\" data-end=\"5152\">\n<p data-start=\"5135\" data-end=\"5152\">Echtzeit-Status<\/p>\n<\/li>\n<li data-start=\"5153\" data-end=\"5215\">\n<p data-start=\"5155\" data-end=\"5215\">Integration moderner Endger\u00e4te (Tablets, Terminals, Scanner)<\/p>\n<\/li>\n<\/ul>\n<p data-start=\"5217\" data-end=\"5300\">\u27a1\ufe0f Optimal f\u00fcr Betriebe, die ihre Produktion zukunftssicher digitalisieren m\u00f6chten.<\/p>\n<p data-start=\"5217\" data-end=\"5300\">\n<h2 data-start=\"5307\" data-end=\"5377\">\ud83d\udd12 <strong data-start=\"5313\" data-end=\"5375\">10. Zukunftssicherheit &amp; kontinuierliche Weiterentwicklung<\/strong><\/h2>\n<p data-start=\"5378\" data-end=\"5458\">Wir entwickeln <strong data-start=\"1592\" data-end=\"1608\">Fin3000 <\/strong>permanent weiter \u2013 technisch, funktional und konzeptionell.<\/p>\n<ul data-start=\"5460\" data-end=\"5694\">\n<li data-start=\"5460\" data-end=\"5487\">\n<p data-start=\"5462\" data-end=\"5487\">kontinuierliche Updates<\/p>\n<\/li>\n<li data-start=\"5488\" data-end=\"5544\">\n<p data-start=\"5490\" data-end=\"5544\">Integration neuer Normen &amp; rechtlicher Anforderungen<\/p>\n<\/li>\n<li data-start=\"5545\" data-end=\"5588\">\n<p data-start=\"5547\" data-end=\"5588\">Erweiterung von Maschinenschnittstellen<\/p>\n<\/li>\n<li data-start=\"5589\" data-end=\"5629\">\n<p data-start=\"5591\" data-end=\"5629\">Optimierung der Konstruktionstechnik<\/p>\n<\/li>\n<li data-start=\"5630\" data-end=\"5659\">\n<p data-start=\"5632\" data-end=\"5659\">Performanceverbesserungen<\/p>\n<\/li>\n<li data-start=\"5660\" data-end=\"5694\">\n<p data-start=\"5662\" data-end=\"5694\">internationale Lokalisierungen<\/p>\n<\/li>\n<\/ul>\n<p data-start=\"5696\" data-end=\"5765\">\u27a1\ufe0f <strong data-start=\"1592\" data-end=\"1608\">Fin3000 <\/strong>bleibt auch in Zukunft eine zuverl\u00e4ssige, sichere Plattform.<\/p>\n<p>[\/et_pb_text][\/et_pb_column][\/et_pb_row][\/et_pb_section]<\/p>\n","protected":false},"excerpt":{"rendered":"<p>\ud83d\udd25 1. Jahrzehntelange Branchenerfahrung \u2013 seit 1986 Fin3000 wurde speziell f\u00fcr den Fenster-, T\u00fcren- und Klappladenbau entwickelt.Unsere jahrzehntelange Spezialisierung macht uns zu einem der zuverl\u00e4ssigsten Partner der Branche. \u00dcber 38 Jahre Erfahrung 2000+ Installationen in Europa 10 verf\u00fcgbare Sprachen Mehr als 5000 Anwender t\u00e4glich im Einsatz \u27a1\ufe0f Dieser Erfahrungsvorsprung garantiert Stabilit\u00e4t, ausgereifte Funktionen und langj\u00e4hrige [&hellip;]<\/p>\n","protected":false},"author":1,"featured_media":0,"parent":51,"menu_order":2,"comment_status":"closed","ping_status":"closed","template":"","meta":{"_et_pb_use_builder":"on","_et_pb_old_content":"<div>\r\n<h1>Kompetenz und Erfahrung<\/h1>\r\n<ul>\r\n \t<li>Mehr als&nbsp;30<strong><em> Jahre<\/em><\/strong> Erfahrung in der Entwicklung und im Vertrieb von Software f\u00fcr den Fenster-, &nbsp;T\u00fcren -und Klappladenbau<\/li>\r\n \t<li>Mehr als 1200 Installationen in 10 Sprachen<\/li>\r\n \t<li>\u00dcber 4000 Anwender im Netzwerk<\/li>\r\n \t<li>Individuell anpassbar<\/li>\r\n \t<li>Sonderprogrammierungen und Individuall\u00f6sungen<\/li>\r\n \t<li>Angepasst an die gesetzlichen Erfordernissen von verschiedenen L\u00e4ndern<\/li>\r\n \t<li>Zeitgem\u00e4\u00df mit dem aktuellen Stand der Fenster- und Klappladentechnik<!--more--><\/li>\r\n<\/ul>\r\n<h1><img class=\"size-full wp-image-1477 alignright\" title=\"Vorteile\" src=\"https:\/\/www.ratano.de\/soft\/wp-content\/uploads\/2012\/09\/Vorteile.png\" alt=\"\" width=\"186\" height=\"186\"><\/h1>\r\n<h1>Betriebssystem und Hardware<\/h1>\r\n<ul>\r\n \t<li>Minimale Anforderungen an Betriebssystem und Hardware<\/li>\r\n \t<li>Keine kommerzielle Datenbank n\u00f6tig<\/li>\r\n \t<li>Keine Betriebssystemerweiterungen n\u00f6tig<\/li>\r\n \t<li>Programmiersprache : 100% in Visual C++ programmiert<\/li>\r\n<\/ul>\r\n<div>&nbsp;<\/div>\r\n<h1>Netzwerk<\/h1>\r\n<ul>\r\n \t<li>Kleine Netzwerke auch ohne separaten Datenserver m\u00f6glich<\/li>\r\n \t<li>Serverupdate und Wechsel jederzeit ohne zus\u00e4tzliche neue Software m\u00f6glich<\/li>\r\n \t<li>Lizenzverwaltung nur an Anzahl der gleichzeitig arbeitenden Netzwerkclients gebunden<\/li>\r\n<\/ul>\r\n(Sie k\u00f6nnen z.B. mit 5 Lizenzen, das Programm auch auf 10 oder 15 Computern installieren; es z\u00e4hlen nur die gleichzeitig laufenden Programme!)\r\n\r\n&nbsp;\r\n<div>&nbsp;<\/div>\r\n<h1>Minimale Programmgr\u00f6\u00dfe (&lt;6 MB)<\/h1>\r\n<ul>\r\n \t<li>Superschnelle Ausf\u00fchrung auch in Netzwerken mit vielen Usern<\/li>\r\n \t<li>Versionsaktualisierung \u00fcber das Internet innerhalb von wenigen Sekunden<\/li>\r\n<\/ul>\r\n&nbsp;\r\n<div>&nbsp;<\/div>\r\n<h1>Speicherbedarf<\/h1>\r\n<ul>\r\n \t<li>Minimale Datengr\u00f6\u00dfe der Basisdaten (komprimiert &lt; 10MB)<\/li>\r\n \t<li>Superschnelle Programmausf\u00fchrung auch bei mehreren Tausenden Angeboten und Auftr\u00e4gen<\/li>\r\n \t<li>sehr einfache Datensicherungen (auch auf USB-Datenstick)<\/li>\r\n \t<li>sehr einfacher und schneller Datenaustausch zwischen verschiedenen Standorten, Produktionsstellen und der Hotline\/Support<\/li>\r\n \t<li>Gesamtspeicherbedarf auch nach mehreren Jahren und Tausenden von Angeboten und Auftr\u00e4gen &lt; 200 MB !!!<\/li>\r\n<\/ul>\r\n<div>&nbsp;<\/div>\r\n<h1>Bedienerfreundlichkeit<\/h1>\r\n<ul>\r\n \t<li>Alle Programmfunktionen sind in <strong><em>einem einzigen Programm<\/em><\/strong> enthalten<\/li>\r\n \t<li>Kein umst\u00e4ndliches Hin-und Herschalten zwischen verschiedenen Programmen<\/li>\r\n \t<li>\u00c4ndern der Konstruktion, Erstellung von neuen Typen, Schr\u00e4g- und Rundkonstruktionen in <strong><em>Echtzeit in einer einzigen<\/em><\/strong> Programmmaske<\/li>\r\n \t<li>Alle Men\u00fcpunkte und Dialoge verf\u00fcgen \u00fcber GrafikIcons , dadurch kein umst\u00e4ndliches Suchen der gew\u00fcnschten Funktionen<\/li>\r\n<\/ul>\r\n<div>&nbsp;<\/div>\r\n<h1>Unabh\u00e4ngigkeit<\/h1>\r\n<ul>\r\n \t<li>Der Anwender kann jederzeit s\u00e4mtliche Daten (Profile, Zubeh\u00f6r, Beschl\u00e4ge, Materialien, usw.) selbstst\u00e4ndig \u00e4ndern ohne auf unseren Support angewiesen zu sein<\/li>\r\n \t<li>Alle Daten k\u00f6nnen kopiert, ge\u00e4ndert und eingef\u00fcgt werden<\/li>\r\n \t<li>Alle Drucklayouts k\u00f6nnen individuell gestaltet werden<\/li>\r\n<\/ul>\r\n<div>&nbsp;<\/div>\r\n<h1>Maschinensteuerungen<\/h1>\r\n<ul>\r\n \t<li>\u00dcber 120 verschiedene bereits realisierte und verf\u00fcgbare Maschinensteuerungen<\/li>\r\n \t<li>(S\u00e4gen, Schweissmaschinen, Bearbeitungszentren, Beschlagsmontageautomaten, Verglasungsautomaten, usw,)<\/li>\r\n \t<li>Beste Kontakte zu allen deutschen und italienischen Maschinenherstellern<\/li>\r\n \t<li>Kooperation mit allen europ\u00e4ischen Beschlagsherstellern (Es werden Artikeldaten, Preise und Maschinendaten zur Verf\u00fcgung gestellt!)<\/li>\r\n<\/ul>\r\n<div>&nbsp;<\/div>\r\n<h1>Offen, kooperativ<\/h1>\r\n<ul>\r\n \t<li>Import und Export von allen wichtigen Programmdaten<\/li>\r\n \t<li>Schnittstellen zu externen ERP-Systemen, Buchhaltungsprogrammen, TomTom - Navigationssoftware, uvm.<\/li>\r\n<\/ul>\r\n<div>&nbsp;<\/div>\r\n<h1>Komplettl\u00f6sung<\/h1>\r\n<ul>\r\n \t<li>Abbildung von allen Abl\u00e4ufen f\u00fcr den Fenster- T\u00fcren und Klappladenbau<\/li>\r\n \t<li>Handelsversion f\u00fcr den Handel und Vertrieb<\/li>\r\n \t<li>Angebot- und Auftragsverwaltung<\/li>\r\n \t<li>Produktion<\/li>\r\n \t<li>Kaufm\u00e4nnische Abwicklung<\/li>\r\n \t<li>CE Kennzeichnung\/ Zertifizierung<\/li>\r\n \t<li>WPK (Werkseigene Produktionskontrolle)<\/li>\r\n \t<li>Logistik (Planung, Produktion, Auslieferung)<\/li>\r\n \t<li>Lagerverwaltung und Bestellwesen<\/li>\r\n \t<li>Statistik<\/li>\r\n \t<li>Werkstattsverwaltung<\/li>\r\n \t<li>Papierlose Fertigung<\/li>\r\n \t<li>Montage\/Wartungsplanung<\/li>\r\n \t<li>Dispositions und Bestellplanung<\/li>\r\n \t<li>Mitarbeiterverwaltung<\/li>\r\n \t<li>Webshop<\/li>\r\n<\/ul>\r\n<\/div>","_et_gb_content_width":"","footnotes":""},"class_list":["post-56","page","type-page","status-publish","hentry"],"_links":{"self":[{"href":"https:\/\/www.ratano.de\/soft\/wp-json\/wp\/v2\/pages\/56","targetHints":{"allow":["GET"]}}],"collection":[{"href":"https:\/\/www.ratano.de\/soft\/wp-json\/wp\/v2\/pages"}],"about":[{"href":"https:\/\/www.ratano.de\/soft\/wp-json\/wp\/v2\/types\/page"}],"author":[{"embeddable":true,"href":"https:\/\/www.ratano.de\/soft\/wp-json\/wp\/v2\/users\/1"}],"replies":[{"embeddable":true,"href":"https:\/\/www.ratano.de\/soft\/wp-json\/wp\/v2\/comments?post=56"}],"version-history":[{"count":17,"href":"https:\/\/www.ratano.de\/soft\/wp-json\/wp\/v2\/pages\/56\/revisions"}],"predecessor-version":[{"id":7339,"href":"https:\/\/www.ratano.de\/soft\/wp-json\/wp\/v2\/pages\/56\/revisions\/7339"}],"up":[{"embeddable":true,"href":"https:\/\/www.ratano.de\/soft\/wp-json\/wp\/v2\/pages\/51"}],"wp:attachment":[{"href":"https:\/\/www.ratano.de\/soft\/wp-json\/wp\/v2\/media?parent=56"}],"curies":[{"name":"wp","href":"https:\/\/api.w.org\/{rel}","templated":true}]}}