{"id":58,"date":"2012-09-26T00:12:17","date_gmt":"2012-09-25T22:12:17","guid":{"rendered":"http:\/\/www.ratano.de\/soft\/?page_id=58"},"modified":"2017-11-25T17:10:41","modified_gmt":"2017-11-25T16:10:41","slug":"partner","status":"publish","type":"page","link":"https:\/\/www.ratano.de\/soft\/wir\/partner\/","title":{"rendered":"Partner"},"content":{"rendered":"<h1>Partner und Lieferanten<\/h1>\n<p>&nbsp;<\/p>\n<p>Wir arbeiten eng mit den gr\u00f6\u00dften Unternehmen der Fensterbaubranche zusammen, um stets h\u00f6chste Kompatibilit\u00e4t unserer Software und maximale Effizienz f\u00fcr unsere Kunden zu gew\u00e4hrleisten. Hier ein Auszug unserer Partner und Lieferanten.<\/p>\n<p>&nbsp;<\/p>\n<div><!--more--><\/div>\n<div>\n<div class=\"et_pb_slider et_pb_slider_fullwidth_off et_pb_gallery_post_type\">\n\t\t\t\t<div class=\"et_pb_slides\">\n\t\t\t\t\t<div class=\"et_pb_slide\" style=\"background: url(https:\/\/www.ratano.de\/soft\/wp-content\/uploads\/2012\/09\/st\u00fcrtz.png);\"><\/div><div class=\"et_pb_slide\" style=\"background: url(https:\/\/www.ratano.de\/soft\/wp-content\/uploads\/2012\/09\/tekna.png);\"><\/div><div class=\"et_pb_slide\" style=\"background: url(https:\/\/www.ratano.de\/soft\/wp-content\/uploads\/2012\/09\/veka.png);\"><\/div><div class=\"et_pb_slide\" style=\"background: url(https:\/\/www.ratano.de\/soft\/wp-content\/uploads\/2012\/11\/working-prozess.png);\"><\/div><div class=\"et_pb_slide\" style=\"background: url(https:\/\/www.ratano.de\/soft\/wp-content\/uploads\/2012\/11\/actual.png);\"><\/div><div class=\"et_pb_slide\" style=\"background: url(https:\/\/www.ratano.de\/soft\/wp-content\/uploads\/2012\/11\/bausola.png);\"><\/div><div class=\"et_pb_slide\" style=\"background: url(https:\/\/www.ratano.de\/soft\/wp-content\/uploads\/2012\/11\/Biesse.png);\"><\/div><div class=\"et_pb_slide\" style=\"background: url(https:\/\/www.ratano.de\/soft\/wp-content\/uploads\/2012\/11\/bjm.png);\"><\/div><div class=\"et_pb_slide\" style=\"background: url(https:\/\/www.ratano.de\/soft\/wp-content\/uploads\/2012\/11\/busellato.png);\"><\/div><div class=\"et_pb_slide\" style=\"background: url(https:\/\/www.ratano.de\/soft\/wp-content\/uploads\/2012\/11\/celaschi.png);\"><\/div><div class=\"et_pb_slide\" style=\"background: url(https:\/\/www.ratano.de\/soft\/wp-content\/uploads\/2012\/11\/CML.png);\"><\/div><div class=\"et_pb_slide\" style=\"background: url(https:\/\/www.ratano.de\/soft\/wp-content\/uploads\/2012\/11\/ColombaAngelo.png);\"><\/div><div class=\"et_pb_slide\" style=\"background: url(https:\/\/www.ratano.de\/soft\/wp-content\/uploads\/2012\/11\/cursal.png);\"><\/div><div class=\"et_pb_slide\" style=\"background: url(https:\/\/www.ratano.de\/soft\/wp-content\/uploads\/2012\/11\/DDX.png);\"><\/div><div class=\"et_pb_slide\" style=\"background: url(https:\/\/www.ratano.de\/soft\/wp-content\/uploads\/2012\/11\/elumatec.png);\"><\/div><div class=\"et_pb_slide\" style=\"background: url(https:\/\/www.ratano.de\/soft\/wp-content\/uploads\/2012\/11\/emmegi.png);\"><\/div><div class=\"et_pb_slide\" style=\"background: url(https:\/\/www.ratano.de\/soft\/wp-content\/uploads\/2012\/11\/essepi.png);\"><\/div><div class=\"et_pb_slide\" style=\"background: url(https:\/\/www.ratano.de\/soft\/wp-content\/uploads\/2012\/11\/federhenn.png);\"><\/div><div class=\"et_pb_slide\" style=\"background: url(https:\/\/www.ratano.de\/soft\/wp-content\/uploads\/2012\/11\/fom.png);\"><\/div><div class=\"et_pb_slide\" style=\"background: url(https:\/\/www.ratano.de\/soft\/wp-content\/uploads\/2012\/11\/gubisch.png);\"><\/div><div class=\"et_pb_slide\" style=\"background: url(https:\/\/www.ratano.de\/soft\/wp-content\/uploads\/2012\/11\/haffner.png);\"><\/div><div class=\"et_pb_slide\" style=\"background: url(https:\/\/www.ratano.de\/soft\/wp-content\/uploads\/2012\/11\/Hecht.png);\"><\/div><div class=\"et_pb_slide\" style=\"background: url(https:\/\/www.ratano.de\/soft\/wp-content\/uploads\/2012\/11\/heroal.png);\"><\/div><div class=\"et_pb_slide\" style=\"background: url(https:\/\/www.ratano.de\/soft\/wp-content\/uploads\/2012\/11\/hollinger.png);\"><\/div><div class=\"et_pb_slide\" style=\"background: url(https:\/\/www.ratano.de\/soft\/wp-content\/uploads\/2012\/11\/italmac.png);\"><\/div><div class=\"et_pb_slide\" style=\"background: url(https:\/\/www.ratano.de\/soft\/wp-content\/uploads\/2012\/11\/italpresse.png);\"><\/div><div class=\"et_pb_slide\" style=\"background: url(https:\/\/www.ratano.de\/soft\/wp-content\/uploads\/2012\/11\/kaban.png);\"><\/div><div class=\"et_pb_slide\" style=\"background: url(https:\/\/www.ratano.de\/soft\/wp-content\/uploads\/2012\/11\/kbe.png);\"><\/div><div class=\"et_pb_slide\" style=\"background: url(https:\/\/www.ratano.de\/soft\/wp-content\/uploads\/2012\/11\/Koch.png);\"><\/div><div class=\"et_pb_slide\" style=\"background: url(https:\/\/www.ratano.de\/soft\/wp-content\/uploads\/2012\/11\/k\u00f6mmerling.png);\"><\/div><div class=\"et_pb_slide\" style=\"background: url(https:\/\/www.ratano.de\/soft\/wp-content\/uploads\/2012\/11\/kosmosoft.png);\"><\/div><div class=\"et_pb_slide\" style=\"background: url(https:\/\/www.ratano.de\/soft\/wp-content\/uploads\/2012\/11\/KS.png);\"><\/div><div class=\"et_pb_slide\" style=\"background: url(https:\/\/www.ratano.de\/soft\/wp-content\/uploads\/2012\/11\/lemuth.png);\"><\/div><div class=\"et_pb_slide\" style=\"background: url(https:\/\/www.ratano.de\/soft\/wp-content\/uploads\/2012\/11\/LGF.png);\"><\/div><div class=\"et_pb_slide\" style=\"background: url(https:\/\/www.ratano.de\/soft\/wp-content\/uploads\/2012\/11\/logo_amevec_asociados_r.png);\"><\/div><div class=\"et_pb_slide\" style=\"background: url(https:\/\/www.ratano.de\/soft\/wp-content\/uploads\/2012\/11\/mecal.png);\"><\/div><div class=\"et_pb_slide\" style=\"background: url(https:\/\/www.ratano.de\/soft\/wp-content\/uploads\/2012\/11\/okuma.png);\"><\/div><div class=\"et_pb_slide\" style=\"background: url(https:\/\/www.ratano.de\/soft\/wp-content\/uploads\/2012\/11\/OMC.png);\"><\/div><div class=\"et_pb_slide\" style=\"background: url(https:\/\/www.ratano.de\/soft\/wp-content\/uploads\/2012\/11\/Omga.png);\"><\/div><div class=\"et_pb_slide\" style=\"background: url(https:\/\/www.ratano.de\/soft\/wp-content\/uploads\/2012\/11\/Rapid.png);\"><\/div><div class=\"et_pb_slide\" style=\"background: url(https:\/\/www.ratano.de\/soft\/wp-content\/uploads\/2012\/11\/Rotox.png);\"><\/div><div class=\"et_pb_slide\" style=\"background: url(https:\/\/www.ratano.de\/soft\/wp-content\/uploads\/2012\/11\/Sac-Sueri.png);\"><\/div><div class=\"et_pb_slide\" style=\"background: url(https:\/\/www.ratano.de\/soft\/wp-content\/uploads\/2012\/11\/Salvador.png);\"><\/div><div class=\"et_pb_slide\" style=\"background: url(https:\/\/www.ratano.de\/soft\/wp-content\/uploads\/2012\/11\/saomad.png);\"><\/div><div class=\"et_pb_slide\" style=\"background: url(https:\/\/www.ratano.de\/soft\/wp-content\/uploads\/2012\/11\/Schirmer.png);\"><\/div><div class=\"et_pb_slide\" style=\"background: url(https:\/\/www.ratano.de\/soft\/wp-content\/uploads\/2012\/11\/schueco.png);\"><\/div><div class=\"et_pb_slide\" style=\"background: url(https:\/\/www.ratano.de\/soft\/wp-content\/uploads\/2012\/11\/sch\u00fcring.png);\"><\/div><div class=\"et_pb_slide\" style=\"background: url(https:\/\/www.ratano.de\/soft\/wp-content\/uploads\/2012\/11\/SCM.png);\"><\/div><div class=\"et_pb_slide\" style=\"background: url(https:\/\/www.ratano.de\/soft\/wp-content\/uploads\/2012\/11\/soenen-hendrik.png);\"><\/div><div class=\"et_pb_slide\" style=\"background: url(https:\/\/www.ratano.de\/soft\/wp-content\/uploads\/2012\/11\/stegherr.png);\"><\/div><div class=\"et_pb_slide\" style=\"background: url(https:\/\/www.ratano.de\/soft\/wp-content\/uploads\/2012\/11\/trocal.png);\"><\/div><div class=\"et_pb_slide\" style=\"background: url(https:\/\/www.ratano.de\/soft\/wp-content\/uploads\/2012\/11\/unione.png);\"><\/div><div class=\"et_pb_slide\" style=\"background: url(https:\/\/www.ratano.de\/soft\/wp-content\/uploads\/2012\/11\/urban.png);\"><\/div><div class=\"et_pb_slide\" style=\"background: url(https:\/\/www.ratano.de\/soft\/wp-content\/uploads\/2012\/11\/wegoma.png);\"><\/div><div class=\"et_pb_slide\" style=\"background: url(https:\/\/www.ratano.de\/soft\/wp-content\/uploads\/2012\/11\/weinig.png);\"><\/div><div class=\"et_pb_slide\" style=\"background: url(https:\/\/www.ratano.de\/soft\/wp-content\/uploads\/2012\/11\/federhenn1.png);\"><\/div><div class=\"et_pb_slide\" style=\"background: url(https:\/\/www.ratano.de\/soft\/wp-content\/uploads\/2012\/11\/salamnder.jpg);\"><\/div><div class=\"et_pb_slide\" style=\"background: url(https:\/\/www.ratano.de\/soft\/wp-content\/uploads\/2012\/11\/soenen.png);\"><\/div><div class=\"et_pb_slide\" style=\"background: url(https:\/\/www.ratano.de\/soft\/wp-content\/uploads\/2012\/11\/stb.png);\"><\/div><div class=\"et_pb_slide\" style=\"background: url(https:\/\/www.ratano.de\/soft\/wp-content\/uploads\/2012\/11\/sub_logo1.jpg);\"><\/div><div class=\"et_pb_slide\" style=\"background: url(https:\/\/www.ratano.de\/soft\/wp-content\/uploads\/2012\/11\/sub_logo2.jpg);\"><\/div><div class=\"et_pb_slide\" style=\"background: url(https:\/\/www.ratano.de\/soft\/wp-content\/uploads\/2012\/11\/sub_logo3.jpg);\"><\/div><div class=\"et_pb_slide\" style=\"background: url(https:\/\/www.ratano.de\/soft\/wp-content\/uploads\/2012\/11\/essepi1.png);\"><\/div><div class=\"et_pb_slide\" style=\"background: url(https:\/\/www.ratano.de\/soft\/wp-content\/uploads\/2013\/05\/euromix.png);\"><\/div>\n\t\t\t\t<\/div>\n\t\t\t<\/div>\n<\/div>\n<div>&nbsp;<\/div>\n","protected":false},"excerpt":{"rendered":"<p>Partner und Lieferanten &nbsp; Wir arbeiten eng mit den gr\u00f6\u00dften Unternehmen der Fensterbaubranche zusammen, um stets h\u00f6chste Kompatibilit\u00e4t unserer Software und maximale Effizienz f\u00fcr unsere Kunden zu gew\u00e4hrleisten. Hier ein Auszug unserer Partner und Lieferanten. &nbsp;<\/p>\n","protected":false},"author":1,"featured_media":0,"parent":51,"menu_order":3,"comment_status":"closed","ping_status":"closed","template":"","meta":{"_et_pb_use_builder":"","_et_pb_old_content":"","_et_gb_content_width":"","footnotes":""},"class_list":["post-58","page","type-page","status-publish","hentry"],"yoast_head":"<!-- This site is optimized with the Yoast SEO plugin v27.4 - https:\/\/yoast.com\/product\/yoast-seo-wordpress\/ -->\n<title>Partner - Ratano EDV<\/title>\n<meta name=\"robots\" content=\"index, follow, max-snippet:-1, max-image-preview:large, max-video-preview:-1\" \/>\n<link rel=\"canonical\" href=\"https:\/\/www.ratano.de\/soft\/wir\/partner\/\" \/>\n<meta property=\"og:locale\" content=\"de_DE\" \/>\n<meta property=\"og:type\" content=\"article\" \/>\n<meta property=\"og:title\" content=\"Partner - Ratano EDV\" \/>\n<meta property=\"og:description\" content=\"Partner und Lieferanten &nbsp; Wir arbeiten eng mit den gr\u00f6\u00dften Unternehmen der Fensterbaubranche zusammen, um stets h\u00f6chste Kompatibilit\u00e4t unserer Software und maximale Effizienz f\u00fcr unsere Kunden zu gew\u00e4hrleisten. Hier ein Auszug unserer Partner und Lieferanten. &nbsp;\" \/>\n<meta property=\"og:url\" content=\"https:\/\/www.ratano.de\/soft\/wir\/partner\/\" \/>\n<meta property=\"og:site_name\" content=\"Ratano EDV\" \/>\n<meta property=\"article:modified_time\" content=\"2017-11-25T16:10:41+00:00\" \/>\n<meta property=\"og:image\" content=\"https:\/\/www.ratano.de\/soft\/wp-content\/uploads\/2012\/09\/st\u00fcrtz-400x284.png\" \/>\n<script type=\"application\/ld+json\" class=\"yoast-schema-graph\">{\"@context\":\"https:\\\/\\\/schema.org\",\"@graph\":[{\"@type\":\"WebPage\",\"@id\":\"https:\\\/\\\/www.ratano.de\\\/soft\\\/wir\\\/partner\\\/\",\"url\":\"https:\\\/\\\/www.ratano.de\\\/soft\\\/wir\\\/partner\\\/\",\"name\":\"Partner - Ratano EDV\",\"isPartOf\":{\"@id\":\"https:\\\/\\\/www.ratano.de\\\/soft\\\/#website\"},\"datePublished\":\"2012-09-25T22:12:17+00:00\",\"dateModified\":\"2017-11-25T16:10:41+00:00\",\"breadcrumb\":{\"@id\":\"https:\\\/\\\/www.ratano.de\\\/soft\\\/wir\\\/partner\\\/#breadcrumb\"},\"inLanguage\":\"de\",\"potentialAction\":[{\"@type\":\"ReadAction\",\"target\":[\"https:\\\/\\\/www.ratano.de\\\/soft\\\/wir\\\/partner\\\/\"]}]},{\"@type\":\"BreadcrumbList\",\"@id\":\"https:\\\/\\\/www.ratano.de\\\/soft\\\/wir\\\/partner\\\/#breadcrumb\",\"itemListElement\":[{\"@type\":\"ListItem\",\"position\":1,\"name\":\"Start\",\"item\":\"https:\\\/\\\/www.ratano.de\\\/soft\\\/\"},{\"@type\":\"ListItem\",\"position\":2,\"name\":\"Wir\",\"item\":\"https:\\\/\\\/www.ratano.de\\\/soft\\\/wir\\\/\"},{\"@type\":\"ListItem\",\"position\":3,\"name\":\"Partner\"}]},{\"@type\":\"WebSite\",\"@id\":\"https:\\\/\\\/www.ratano.de\\\/soft\\\/#website\",\"url\":\"https:\\\/\\\/www.ratano.de\\\/soft\\\/\",\"name\":\"Ratano EDV\",\"description\":\"Software f\u00fcr Fensterbau und Fensterhandel\",\"potentialAction\":[{\"@type\":\"SearchAction\",\"target\":{\"@type\":\"EntryPoint\",\"urlTemplate\":\"https:\\\/\\\/www.ratano.de\\\/soft\\\/?s={search_term_string}\"},\"query-input\":{\"@type\":\"PropertyValueSpecification\",\"valueRequired\":true,\"valueName\":\"search_term_string\"}}],\"inLanguage\":\"de\"}]}<\/script>\n<!-- \/ Yoast SEO plugin. -->","yoast_head_json":{"title":"Partner - Ratano EDV","robots":{"index":"index","follow":"follow","max-snippet":"max-snippet:-1","max-image-preview":"max-image-preview:large","max-video-preview":"max-video-preview:-1"},"canonical":"https:\/\/www.ratano.de\/soft\/wir\/partner\/","og_locale":"de_DE","og_type":"article","og_title":"Partner - Ratano EDV","og_description":"Partner und Lieferanten &nbsp; Wir arbeiten eng mit den gr\u00f6\u00dften Unternehmen der Fensterbaubranche zusammen, um stets h\u00f6chste Kompatibilit\u00e4t unserer Software und maximale Effizienz f\u00fcr unsere Kunden zu gew\u00e4hrleisten. Hier ein Auszug unserer Partner und Lieferanten. &nbsp;","og_url":"https:\/\/www.ratano.de\/soft\/wir\/partner\/","og_site_name":"Ratano EDV","article_modified_time":"2017-11-25T16:10:41+00:00","og_image":[{"url":"https:\/\/www.ratano.de\/soft\/wp-content\/uploads\/2012\/09\/st\u00fcrtz-400x284.png","type":"","width":"","height":""}],"schema":{"@context":"https:\/\/schema.org","@graph":[{"@type":"WebPage","@id":"https:\/\/www.ratano.de\/soft\/wir\/partner\/","url":"https:\/\/www.ratano.de\/soft\/wir\/partner\/","name":"Partner - Ratano EDV","isPartOf":{"@id":"https:\/\/www.ratano.de\/soft\/#website"},"datePublished":"2012-09-25T22:12:17+00:00","dateModified":"2017-11-25T16:10:41+00:00","breadcrumb":{"@id":"https:\/\/www.ratano.de\/soft\/wir\/partner\/#breadcrumb"},"inLanguage":"de","potentialAction":[{"@type":"ReadAction","target":["https:\/\/www.ratano.de\/soft\/wir\/partner\/"]}]},{"@type":"BreadcrumbList","@id":"https:\/\/www.ratano.de\/soft\/wir\/partner\/#breadcrumb","itemListElement":[{"@type":"ListItem","position":1,"name":"Start","item":"https:\/\/www.ratano.de\/soft\/"},{"@type":"ListItem","position":2,"name":"Wir","item":"https:\/\/www.ratano.de\/soft\/wir\/"},{"@type":"ListItem","position":3,"name":"Partner"}]},{"@type":"WebSite","@id":"https:\/\/www.ratano.de\/soft\/#website","url":"https:\/\/www.ratano.de\/soft\/","name":"Ratano EDV","description":"Software f\u00fcr Fensterbau und Fensterhandel","potentialAction":[{"@type":"SearchAction","target":{"@type":"EntryPoint","urlTemplate":"https:\/\/www.ratano.de\/soft\/?s={search_term_string}"},"query-input":{"@type":"PropertyValueSpecification","valueRequired":true,"valueName":"search_term_string"}}],"inLanguage":"de"}]}},"_links":{"self":[{"href":"https:\/\/www.ratano.de\/soft\/wp-json\/wp\/v2\/pages\/58","targetHints":{"allow":["GET"]}}],"collection":[{"href":"https:\/\/www.ratano.de\/soft\/wp-json\/wp\/v2\/pages"}],"about":[{"href":"https:\/\/www.ratano.de\/soft\/wp-json\/wp\/v2\/types\/page"}],"author":[{"embeddable":true,"href":"https:\/\/www.ratano.de\/soft\/wp-json\/wp\/v2\/users\/1"}],"replies":[{"embeddable":true,"href":"https:\/\/www.ratano.de\/soft\/wp-json\/wp\/v2\/comments?post=58"}],"version-history":[{"count":56,"href":"https:\/\/www.ratano.de\/soft\/wp-json\/wp\/v2\/pages\/58\/revisions"}],"predecessor-version":[{"id":5130,"href":"https:\/\/www.ratano.de\/soft\/wp-json\/wp\/v2\/pages\/58\/revisions\/5130"}],"up":[{"embeddable":true,"href":"https:\/\/www.ratano.de\/soft\/wp-json\/wp\/v2\/pages\/51"}],"wp:attachment":[{"href":"https:\/\/www.ratano.de\/soft\/wp-json\/wp\/v2\/media?parent=58"}],"curies":[{"name":"wp","href":"https:\/\/api.w.org\/{rel}","templated":true}]}}